{"id":463,"date":"2025-12-03T13:06:33","date_gmt":"2025-12-03T13:06:33","guid":{"rendered":"https:\/\/nice-hoover.45-82-188-157.plesk.page\/leverings-en-verkoopvoorwaarden-2\/"},"modified":"2026-01-16T11:12:29","modified_gmt":"2026-01-16T11:12:29","slug":"einkaufsbedingungen","status":"publish","type":"page","link":"https:\/\/pioncableprotection.com\/de\/inkoopvoorwaarden\/","title":{"rendered":"12b. Kaufbedingungen"},"content":{"rendered":"<div data-elementor-type=\"wp-page\" data-elementor-id=\"463\" class=\"elementor elementor-463\" data-elementor-post-type=\"page\">\n\t\t\t\t<div class=\"elementor-element elementor-element-582b40c e-flex e-con-boxed e-con e-parent\" data-id=\"582b40c\" data-element_type=\"container\" data-e-type=\"container\">\n\t\t\t\t\t<div class=\"e-con-inner\">\n\t\t<div class=\"elementor-element elementor-element-bbe4381 e-con-full e-flex e-con e-child\" data-id=\"bbe4381\" data-element_type=\"container\" data-e-type=\"container\">\n\t\t\t\t<div class=\"elementor-element elementor-element-aac67bf elementor-invisible elementor-widget elementor-widget-heading\" data-id=\"aac67bf\" data-element_type=\"widget\" data-e-type=\"widget\" data-settings=\"{&quot;_animation&quot;:&quot;fadeInUp&quot;}\" data-widget_type=\"heading.default\">\n\t\t\t\t\t<h1 class=\"elementor-heading-title elementor-size-default\">Kaufbedingungen<\/h1>\t\t\t\t<\/div>\n\t\t<div class=\"elementor-element elementor-element-aa7e197 e-con-full e-flex e-con e-child\" data-id=\"aa7e197\" data-element_type=\"container\" data-e-type=\"container\">\n\t\t\t\t<div class=\"elementor-element elementor-element-8969bb1 elementor-invisible elementor-widget elementor-widget-text-editor\" data-id=\"8969bb1\" data-element_type=\"widget\" data-e-type=\"widget\" data-settings=\"{&quot;_animation&quot;:&quot;fadeIn&quot;,&quot;_animation_delay&quot;:500}\" data-widget_type=\"text-editor.default\">\n\t\t\t\t\t\t\t\t\t<p><strong>1. Allgemeine Bestimmungen<br \/><\/strong>Unter PION Cable Protection wird in diesen allgemeinen Einkaufsbedingungen die PION Kunststoffen B.V., Amersfoort, verstanden.<\/p><p><strong>2. Anwendbarkeit<br \/><\/strong>2.1 Diese Bedingungen gelten f\u00fcr alle Kaufvertr\u00e4ge, bei denen PION Cable Protection eine oder mehrere Sachen kauft, und f\u00fcr alle Auftragsvertr\u00e4ge, bei denen PION Cable Protection Auftr\u00e4ge zur Ausf\u00fchrung von Arbeiten erteilt, sowie f\u00fcr Vertr\u00e4ge \u00fcber die Vergabe von Arbeiten, unabh\u00e4ngig davon, ob diese Vertr\u00e4ge m\u00fcndlich oder schriftlich geschlossen werden.<br \/><span style=\"font-family: -apple-system, BlinkMacSystemFont, 'Segoe UI', Roboto, 'Helvetica Neue', Arial, 'Noto Sans', sans-serif, 'Apple Color Emoji', 'Segoe UI Emoji', 'Segoe UI Symbol', 'Noto Color Emoji';\">2.2 Abweichungen von diesen Bedingungen gelten nur insoweit, als sie von den Parteien ausdr\u00fccklich schriftlich vereinbart wurden. Die andere Partei kann aus solchen Abweichungen keine Rechte in Bezug auf sp\u00e4ter geschlossene Vertr\u00e4ge ableiten.<\/span><\/p><p><strong>3. Angebote und Auftragsbest\u00e4tigungen<br \/><\/strong>3.1 Wenn die Gegenpartei von PION Cable Protection zur Abgabe eines Angebots aufgefordert wird und die Gegenpartei dieser Aufforderung nachkommt, ohne die Anwendbarkeit dieser allgemeinen Einkaufsbedingungen ausdr\u00fccklich und schriftlich abzulehnen, gilt das Angebot f\u00fcr eine G\u00fcltigkeitsdauer von mindestens 30 Kalendertagen ab dem Datum, an dem das Angebot abgegeben wurde, ungeachtet einer eventuell im Angebot angegebenen k\u00fcrzeren Frist.<br \/>3.2 M\u00fcndlich geschlossene Vertr\u00e4ge m\u00fcssen von PION Cable Protection schriftlich best\u00e4tigt werden. Bis zum Eingang dieser schriftlichen Best\u00e4tigung bei der Gegenpartei kann PION Cable Protection im Falle eines Angebots von PION Cable Protection ihr Angebot und im Falle eines Angebots der Gegenpartei ihre Annahme schriftlich widerrufen. Wenn PION Cable Protection eine entsprechende Aufforderung der anderen Partei nicht innerhalb von f\u00fcnf Kalendertagen nach dieser Aufforderung schriftlich best\u00e4tigt hat, gilt das Angebot von PION Cable Protection bzw. die Annahme durch PION Cable Protection als widerrufen und der Vertrag als nicht zustande gekommen.<br \/>3.3 PION Cable Protection ist nicht verpflichtet, Schadenersatz f\u00fcr Sch\u00e4den zu leisten, die der Gegenpartei im Zusammenhang mit dem Widerruf durch PION Cable Protection im Sinne von Artikel 3.2 entstehen.<\/p><p><strong>4. Preise und Rechnungen<br \/><\/strong>4.1 Sofern nicht ausdr\u00fccklich schriftlich etwas anderes angegeben ist, sind alle angegebenen oder vereinbarten Preise Festpreise ohne Umsatzsteuer, jedoch einschlie\u00dflich aller Kosten, die der Gegenpartei im Zusammenhang mit der Erf\u00fcllung des Vertrages entstehen, wie z.B. Verpackungskosten und, im Falle von durch die Gegenpartei zu verrichtenden Arbeiten, Kosten im Zusammenhang mit den dabei zu verwendenden Materialien und Teilen. Die Preise der Waren gelten frei Lieferort<br \/>4.2 Wenn die Gegenpartei mehr oder andere Sachen liefert oder mehr oder andere Arbeiten ausf\u00fchrt als urspr\u00fcnglich vereinbart, k\u00f6nnen die damit verbundenen Mehrpreise nur dann an PION Cable Protection weitergegeben werden, wenn PION Cable Protection diese Preiserh\u00f6hungen vor der Lieferung oder Ausf\u00fchrung der Arbeiten ausdr\u00fccklich schriftlich akzeptiert hat.<br \/>4.3 Alle Preise m\u00fcssen auf Euro lauten.<br \/>4.4 Die Gegenpartei muss PION Cable Protection eine hinreichend spezifizierte Rechnung (unter Angabe der Bestellnummer) f\u00fcr die von ihr gelieferten oder zu liefernden Waren oder die von ihr ausgef\u00fchrten oder auszuf\u00fchrenden Arbeiten zukommen lassen. Den Rechnungen m\u00fcssen von einem bevollm\u00e4chtigten Vertreter von PION Cable Protection zur Genehmigung unterzeichnete Belege\/Papiere beigef\u00fcgt sein.<br \/>4.5 PION Cable Protection ist erst nach Ablauf von 60 Kalendertagen nach Erhalt dieser Rechnung zur Zahlung verpflichtet, in keinem Fall jedoch innerhalb von 60 Kalendertagen, nachdem das Eigentum an den betreffenden Waren auf PION Cable Protection \u00fcbergegangen ist oder die betreffenden Arbeiten ausgef\u00fchrt wurden.<br \/>4.6 Die von der Gegenpartei an PION Cable Protection zu \u00fcbermittelnden Rechnungen m\u00fcssen den im oder aufgrund des Umsatzsteuergesetzes festgelegten Anforderungen gen\u00fcgen. Wenn der Vertrag dem Gesetz \u00fcber die sequenzielle Haftung unterliegt, m\u00fcssen diese Rechnungen auch den Anforderungen entsprechen, die in diesem Gesetz oder aufgrund dieses Gesetzes festgelegt sind.<br \/>4.7 Rechnungen, die den in den vorhergehenden Abs\u00e4tzen dieses Artikels genannten Anforderungen nicht entsprechen, werden nicht ber\u00fccksichtigt und nicht bezahlt.<\/p><p><strong>5. Lieferung und Risiko<br \/><\/strong>5.1 Die Waren oder Arbeiten m\u00fcssen von der Gegenpartei auf ihre Kosten und Gefahr an dem von den Parteien vereinbarten Ort geliefert oder ausgef\u00fchrt werden. Wenn die Parteien keinen Ort vereinbart haben, m\u00fcssen die Sachen in der Niederlassung von PION Cable Protection abgeliefert bzw. die Arbeiten dort ausgef\u00fchrt werden. .<br \/>5.2 Das Eigentum an den Waren, die Gegenstand des Vertrags zwischen den Parteien sind, geht zu dem Zeitpunkt auf PION Cable Protection \u00fcber, zu dem die Waren PION Cable Protection oder dem Dritten, an den die Waren gem\u00e4\u00df Artikel 5.1 zu liefern sind, tats\u00e4chlich zur Verf\u00fcgung gestellt werden. Bis zu diesem Zeitpunkt gehen die Waren vollst\u00e4ndig auf Rechnung und Gefahr der Gegenpartei.<br \/>5.3 Die vereinbarte Lieferzeit oder der vereinbarte Zeitpunkt, innerhalb dessen die Arbeiten ausgef\u00fchrt werden m\u00fcssen, ist verbindlich und gilt als Frist. Wenn die Gegenpartei dennoch vern\u00fcnftigerweise absehen kann, dass die vereinbarte Lieferzeit oder die vereinbarte Frist, innerhalb derer die Arbeiten ausgef\u00fchrt werden m\u00fcssen, nicht eingehalten werden kann, muss sie PION Cable Protection hiervon so schnell wie m\u00f6glich schriftlich in Kenntnis setzen.<br \/>5.4 Au\u00dfer im Falle h\u00f6herer Gewalt seitens der Gegenpartei hat PION Cable Protection im Falle einer \u00dcberschreitung der in Art. 5.5.4 Au\u00dfer im Falle h\u00f6herer Gewalt seitens der Gegenpartei hat PION Cable Protection bei \u00dcberschreitung der in Art. 5. 3 genannten Fristen ohne weitere Inverzugsetzung Anspruch auf eine sofort f\u00e4llige und zahlbare Vertragsstrafe in H\u00f6he von 5% pro Tag des vereinbarten Preises der zu liefernden Waren oder der auszuf\u00fchrenden Arbeiten f\u00fcr den Zeitraum, in dem die Gegenpartei mit der rechtzeitigen Erf\u00fcllung in Verzug ist, unbeschadet der M\u00f6glichkeit, den Vertrag ganz oder teilweise aufzul\u00f6sen oder eine andere oder zus\u00e4tzliche Verg\u00fctung zu fordern.<\/p><p><strong>6. Garantien<br \/><\/strong>6.1 Auf erste Aufforderung von PION Cable Protection ist die Gegenpartei verpflichtet, alle Fehler und M\u00e4ngel, die in Bezug auf die von der Gegenpartei gelieferten Waren auftreten, innerhalb von 12 Monaten nach der Lieferung innerhalb einer von PION Cable Protection gesetzten angemessenen Frist auf eigene Kosten zu beheben oder, falls eine Behebung nicht in zumutbarer Weise m\u00f6glich ist, die Waren durch vergleichbare einwandfreie Waren zu ersetzen. Kommt die Gegenpartei der vorgenannten Verpflichtung zur Nachbesserung oder zum Ersatz nicht nach, ist PION Cable Protection berechtigt, die Fehler oder M\u00e4ngel zu beheben oder beheben zu lassen oder zu ersetzen oder ersetzen zu lassen, wobei alle Kosten von der Gegenpartei zu tragen sind.<br \/>6.2 Die Gegenpartei garantiert die Tauglichkeit der von ihr ausgef\u00fchrten Arbeiten f\u00fcr einen Zeitraum von 12 Monaten nach Beendigung dieser Arbeiten. Wenn sich innerhalb dieser Frist herausstellt, dass die Gegenpartei bei der Ausf\u00fchrung ihrer T\u00e4tigkeiten in irgendeiner Weise versagt hat, muss die Gegenpartei ihre T\u00e4tigkeiten dennoch ordnungsgem\u00e4\u00df ausf\u00fchren, wobei alle Kosten, einschlie\u00dflich der Kosten f\u00fcr Materialien oder Teile, die bei den (Ersatz-)T\u00e4tigkeiten zu verwenden sind, zu Lasten der Gegenpartei gehen.<br \/>6.3 Die Garantiebestimmungen in Artikel 6.1 und 6.2 ber\u00fchren nicht die Anspr\u00fcche, die PION Cable Protection von Rechts wegen im Zusammenhang mit einem Vers\u00e4umnis der Gegenpartei bei der Erf\u00fcllung einer Verpflichtung aus dem Vertrag zustehen oder zustehen w\u00fcrden.<\/p><p><strong>7. Qualit\u00e4t<\/strong>\u00a0<br \/>Die Gegenpartei garantiert, dass die gelieferten Waren einwandfrei sind:<\/p><ul><li>von guter Qualit\u00e4t, ohne M\u00e4ngel in Design, Konstruktion, Montage und Material;<\/li><li>Montage und Material; gem\u00e4\u00df den Anforderungen im Vertrag, den Begleitdokumenten zum Vertrag und\/oder den zur Verf\u00fcgung gestellten Dokumenten sowie den Anforderungen, die sich aus den f\u00fcr die betreffenden Waren geltenden Normen ergeben;<\/li><li>den beh\u00f6rdlichen Anforderungen entsprechen und f\u00fcr den vorgesehenen Verwendungszweck geeignet sind.<\/li><\/ul><p><strong>8. Haftung und Entsch\u00e4digung<br \/><\/strong>8.1 PION Cable Protection haftet nicht f\u00fcr Sch\u00e4den jeglicher Art, die die Gegenpartei im Zusammenhang mit der Erf\u00fcllung ihrer Verpflichtungen im Rahmen des Vertrags durch PION oder durch von PION beauftragte Hilfspersonen erleidet, es sei denn, diese Sch\u00e4den sind die Folge von grobem Verschulden oder Vorsatz ihrer leitenden Angestellten.<br \/>8.2 Die Haftung von PION Cable Protection f\u00fcr Sch\u00e4den ist auf einen Betrag von 5.000,00 pro Ereignis oder Reihe von Ereignissen mit einer gemeinsamen Ursache beschr\u00e4nkt. PION Cable Protection haftet jedoch in keinem Fall f\u00fcr den Schaden der Gegenpartei, soweit dieser den Betrag \u00fcbersteigt, der im Rahmen der Betriebshaftpflichtversicherung von PION Cable Protection in dem betreffenden Fall ersatzf\u00e4hig ist.<br \/>8.3 Die Gegenpartei sch\u00fctzt PION Cable Protection vor allen Anspr\u00fcchen und (gesetzlichen) Forderungen Dritter, einschlie\u00dflich derjenigen, auf deren Gel\u00e4nde die Gegenpartei im Auftrag von PION Cable Protection Arbeiten ausgef\u00fchrt oder auf deren Gel\u00e4nde die Gegenpartei Sachen geliefert hat, im Zusammenhang mit Sch\u00e4den jeglicher Art, die diese Dritten erlitten haben und die in irgendeiner Weise mit dem zwischen den Parteien geschlossenen Vertrag oder mit einer rechtswidrigen Handlung der Gegenpartei gegen\u00fcber PION Cable Protection oder einem zurechenbaren Vers\u00e4umnis der Gegenpartei gegen\u00fcber PION Cable Protection zusammenh\u00e4ngen, einschlie\u00dflich der \u00dcberschreitung einer Frist im Sinne von Artikel 5.3 genannt. Die Entsch\u00e4digungsverpflichtung umfasst auch die Kosten, die PION Cable Protection im Zusammenhang mit den genannten Anspr\u00fcchen und (gerichtlichen) Verfahren angemessenerweise entstehen.<\/p><p><strong>9. Sicherheit<br \/><\/strong>9.1 Wenn PION Cable Protection berechtigten Grund zu der Annahme hat, dass die Gegenpartei ihren Verpflichtungen nicht p\u00fcnktlich nachkommen wird, ist die Gegenpartei verpflichtet, auf erste Aufforderung von PION Cable Protection unverz\u00fcglich ausreichende Sicherheiten f\u00fcr die Erf\u00fcllung der Verpflichtungen zu leisten; andernfalls ist PION Cable Protection berechtigt, den Vertrag mit sofortiger Wirkung aufzul\u00f6sen, ohne dass eine Inverzugsetzung erforderlich ist. Zus\u00e4tzliche (Folge-)Kosten, die sich daraus ergeben, gehen zu Lasten der Gegenpartei.<\/p><p><strong>10. Vollst\u00e4ndige oder teilweise Aufl\u00f6sung<br \/><\/strong>10.1 In den folgenden F\u00e4llen ist der Auftragnehmer von Rechts wegen in Verzug, und der Auftraggeber ist berechtigt, ohne Inverzugsetzung oder gerichtliches Einschreiten den Vertrag ganz oder teilweise f\u00fcr aufgel\u00f6st zu erkl\u00e4ren, unbeschadet seines Rechts auf Schadenersatz: a. wenn PION Cable Protection vorbehaltlich der gesetzlich und in diesen Allgemeinen Gesch\u00e4ftsbedingungen geregelten F\u00e4lle das Recht hat, den Vertrag aufzul\u00f6sen, wenn: die Gegenpartei f\u00fcr insolvent erkl\u00e4rt wird oder ein Konkursantrag gestellt wird; der Gegenpartei ein Zahlungsaufschub gew\u00e4hrt wird oder ein Antrag auf Gew\u00e4hrung eines Zahlungsaufschubs gestellt wird; die Gegenpartei unter das Gesetz zur Umschuldung nat\u00fcrlicher Personen f\u00e4llt oder unter Vormundschaft gestellt wird; der Betrieb der Gegenpartei eingestellt oder liquidiert wird und gegen die Gegenpartei eine vorl\u00e4ufige Pf\u00e4ndung oder eine Vollstreckungspf\u00e4ndung erhoben wird.<br \/>10.2 PION Cable Protection ist nicht verpflichtet, der Gegenpartei den Schaden zu ersetzen, der ihr im Zusammenhang mit der Aufl\u00f6sung des Vertrages durch PION Cable Protection gem\u00e4\u00df Artikel 9.1 entsteht.<\/p><p><strong>11. Geistiges Eigentum<br \/><\/strong>11.1 Alle von PION Cable Protection der Gegenpartei zur Verf\u00fcgung gestellten Unterlagen, Bilder, Zeichnungen, Modelle usw. und alle damit verbundenen geistigen Eigentumsrechte bleiben Eigentum von PION Cable Protection. .<br \/>11.2 Die andere Partei ist nur mit ausdr\u00fccklicher schriftlicher Zustimmung der anderen Partei berechtigt, die in Artikel 10.1 genannten Unterlagen oder die darin enthaltenen oder ihr anderweitig zur Kenntnis gebrachten Daten zu vervielf\u00e4ltigen oder an Dritte weiterzugeben.<\/p><p><strong>12. Anwendbares Recht\/zust\u00e4ndiges Gericht<br \/><\/strong>12.1 Der Vertrag unterliegt ausschlie\u00dflich dem niederl\u00e4ndischen Recht. Die Anwendbarkeit des Wiener Kaufvertrags ist ausdr\u00fccklich ausgeschlossen.<br \/>12.2 Alle Streitigkeiten aus dem Vertrag werden ausschlie\u00dflich von dem niederl\u00e4ndischen Gericht entschieden, in dessen Zust\u00e4ndigkeitsbereich PION Cable Protection seinen Sitz hat, es sei denn, PION Cable Protection als klagende oder ersuchende Partei entscheidet sich daf\u00fcr, die Streitigkeit einem anderen zust\u00e4ndigen Gericht in den Niederlanden vorzulegen. Dies alles, sofern nicht ein anderes Gericht aufgrund zwingender gesetzlicher Vorschriften zust\u00e4ndig ist.<\/p><p><strong>13. Umrechnung<br \/><\/strong>13.1 Wenn und soweit eine Bestimmung dieser Allgemeinen Gesch\u00e4ftsbedingungen aus Gr\u00fcnden der Angemessenheit und Billigkeit oder wegen ihrer unangemessenen Belastung nicht geltend gemacht werden kann, ist dieser Bestimmung eine Bedeutung zu geben, die ihrem Inhalt und ihrer Tragweite so weit wie m\u00f6glich entspricht, so dass sie geltend gemacht werden kann. Diese Bedingungen wurden bei der Industrie- und Handelskammer in Amersfoort, Niederlande, hinterlegt.<\/p>\t\t\t\t\t\t\t\t<\/div>\n\t\t\t\t<\/div>\n\t\t\t\t<\/div>\n\t\t\t\t\t<\/div>\n\t\t\t\t<\/div>\n\t\t\t\t<\/div>","protected":false},"excerpt":{"rendered":"<p>Inkoopvoorwaarden 1. Algemene bepalingenOnder PION Cable Protection wordt in deze algemene inkoopvoorwaarden verstaan PION Kunststoffen B.V. te Amersfoort. 2. Toepasselijkheid2.1 Deze voorwaarden zijn van toepassing op alle koopovereenkomsten waarbij PION Cable Protection een of meer zaken koopt en op alle overeenkomsten van opdracht waarbij PION Cable Protection opdrachten tot het verrichten van werkzaamheden verstrekt alsmede [&hellip;]<\/p>\n","protected":false},"author":1,"featured_media":0,"parent":0,"menu_order":9,"comment_status":"closed","ping_status":"closed","template":"","meta":{"_acf_changed":false,"footnotes":""},"class_list":["post-463","page","type-page","status-publish","hentry"],"acf":[],"yoast_head":"<!-- This site is optimized with the Yoast SEO plugin v27.3 - https:\/\/yoast.com\/product\/yoast-seo-wordpress\/ -->\n<title>Inkoopvoorwaarden | PION Cable Protection<\/title>\n<meta name=\"description\" content=\"Bekijk hier de inkoopvoorwaarden van PION Cable Protection.\" \/>\n<meta name=\"robots\" content=\"index, follow, max-snippet:-1, max-image-preview:large, max-video-preview:-1\" \/>\n<link rel=\"canonical\" href=\"https:\/\/pioncableprotection.com\/de\/einkaufsbedingungen\/\" \/>\n<meta property=\"og:locale\" content=\"de_DE\" \/>\n<meta property=\"og:type\" content=\"article\" \/>\n<meta property=\"og:title\" content=\"Inkoopvoorwaarden | PION Cable Protection\" \/>\n<meta property=\"og:description\" content=\"Bekijk hier de inkoopvoorwaarden van PION Cable Protection.\" \/>\n<meta property=\"og:url\" content=\"https:\/\/pioncableprotection.com\/de\/einkaufsbedingungen\/\" \/>\n<meta property=\"og:site_name\" content=\"PION Cable Protection\" \/>\n<meta property=\"article:modified_time\" content=\"2026-01-16T11:12:29+00:00\" \/>\n<meta property=\"og:image\" content=\"https:\/\/pioncableprotection.com\/wp-content\/uploads\/2025\/12\/1S2A6402-1-1.webp\" \/>\n\t<meta property=\"og:image:width\" content=\"600\" \/>\n\t<meta property=\"og:image:height\" content=\"600\" \/>\n\t<meta property=\"og:image:type\" content=\"image\/jpeg\" \/>\n<meta name=\"twitter:card\" content=\"summary_large_image\" \/>\n<meta name=\"twitter:label1\" content=\"Gesch\u00e4tzte Lesezeit\" \/>\n\t<meta name=\"twitter:data1\" content=\"10\u00a0Minuten\" \/>\n<script type=\"application\/ld+json\" class=\"yoast-schema-graph\">{\"@context\":\"https:\\\/\\\/schema.org\",\"@graph\":[{\"@type\":\"WebPage\",\"@id\":\"https:\\\/\\\/pioncableprotection.com\\\/inkoopvoorwaarden\\\/\",\"url\":\"https:\\\/\\\/pioncableprotection.com\\\/inkoopvoorwaarden\\\/\",\"name\":\"Inkoopvoorwaarden | PION Cable Protection\",\"isPartOf\":{\"@id\":\"https:\\\/\\\/pioncableprotection.com\\\/#website\"},\"datePublished\":\"2025-12-03T13:06:33+00:00\",\"dateModified\":\"2026-01-16T11:12:29+00:00\",\"description\":\"Bekijk hier de inkoopvoorwaarden van PION Cable Protection.\",\"breadcrumb\":{\"@id\":\"https:\\\/\\\/pioncableprotection.com\\\/inkoopvoorwaarden\\\/#breadcrumb\"},\"inLanguage\":\"de\",\"potentialAction\":[{\"@type\":\"ReadAction\",\"target\":[\"https:\\\/\\\/pioncableprotection.com\\\/inkoopvoorwaarden\\\/\"]}]},{\"@type\":\"BreadcrumbList\",\"@id\":\"https:\\\/\\\/pioncableprotection.com\\\/inkoopvoorwaarden\\\/#breadcrumb\",\"itemListElement\":[{\"@type\":\"ListItem\",\"position\":1,\"name\":\"Home\",\"item\":\"https:\\\/\\\/pioncableprotection.com\\\/\"},{\"@type\":\"ListItem\",\"position\":2,\"name\":\"12b. Inkoopvoorwaarden\"}]},{\"@type\":\"WebSite\",\"@id\":\"https:\\\/\\\/pioncableprotection.com\\\/#website\",\"url\":\"https:\\\/\\\/pioncableprotection.com\\\/\",\"name\":\"Kabelbescherming voor infra: flexibel \u00e9n innovatief\",\"description\":\"We cover it all\",\"publisher\":{\"@id\":\"https:\\\/\\\/pioncableprotection.com\\\/#organization\"},\"potentialAction\":[{\"@type\":\"SearchAction\",\"target\":{\"@type\":\"EntryPoint\",\"urlTemplate\":\"https:\\\/\\\/pioncableprotection.com\\\/?s={search_term_string}\"},\"query-input\":{\"@type\":\"PropertyValueSpecification\",\"valueRequired\":true,\"valueName\":\"search_term_string\"}}],\"inLanguage\":\"de\"},{\"@type\":\"Organization\",\"@id\":\"https:\\\/\\\/pioncableprotection.com\\\/#organization\",\"name\":\"PION Cable Protection\",\"url\":\"https:\\\/\\\/pioncableprotection.com\\\/\",\"logo\":{\"@type\":\"ImageObject\",\"inLanguage\":\"de\",\"@id\":\"https:\\\/\\\/pioncableprotection.com\\\/#\\\/schema\\\/logo\\\/image\\\/\",\"url\":\"https:\\\/\\\/pioncableprotection.com\\\/wp-content\\\/uploads\\\/2025\\\/01\\\/Logo-Pion-color.svg\",\"contentUrl\":\"https:\\\/\\\/pioncableprotection.com\\\/wp-content\\\/uploads\\\/2025\\\/01\\\/Logo-Pion-color.svg\",\"width\":818,\"height\":300,\"caption\":\"PION Cable Protection\"},\"image\":{\"@id\":\"https:\\\/\\\/pioncableprotection.com\\\/#\\\/schema\\\/logo\\\/image\\\/\"},\"sameAs\":[\"https:\\\/\\\/www.linkedin.com\\\/company\\\/pion-kunststoffen-bv\\\/\",\"https:\\\/\\\/www.youtube.com\\\/channel\\\/UC_aDHj4d6NYp2ZyvLyyEIiQ\"]}]}<\/script>\n<!-- \/ Yoast SEO plugin. -->","yoast_head_json":{"title":"Einkaufsbedingungen | PION Cable Protection","description":"Hier finden Sie die Einkaufsbedingungen von PION Cable Protection.","robots":{"index":"index","follow":"follow","max-snippet":"max-snippet:-1","max-image-preview":"max-image-preview:large","max-video-preview":"max-video-preview:-1"},"canonical":"https:\/\/pioncableprotection.com\/de\/einkaufsbedingungen\/","og_locale":"de_DE","og_type":"article","og_title":"Inkoopvoorwaarden | PION Cable Protection","og_description":"Bekijk hier de inkoopvoorwaarden van PION Cable Protection.","og_url":"https:\/\/pioncableprotection.com\/de\/einkaufsbedingungen\/","og_site_name":"PION Cable Protection","article_modified_time":"2026-01-16T11:12:29+00:00","og_image":[{"width":600,"height":600,"url":"https:\/\/pioncableprotection.com\/wp-content\/uploads\/2025\/12\/1S2A6402-1-1.webp","type":"image\/jpeg"}],"twitter_card":"summary_large_image","twitter_misc":{"Gesch\u00e4tzte Lesezeit":"10\u00a0Minuten"},"schema":{"@context":"https:\/\/schema.org","@graph":[{"@type":"WebPage","@id":"https:\/\/pioncableprotection.com\/inkoopvoorwaarden\/","url":"https:\/\/pioncableprotection.com\/inkoopvoorwaarden\/","name":"Einkaufsbedingungen | PION Cable Protection","isPartOf":{"@id":"https:\/\/pioncableprotection.com\/#website"},"datePublished":"2025-12-03T13:06:33+00:00","dateModified":"2026-01-16T11:12:29+00:00","description":"Hier finden Sie die Einkaufsbedingungen von PION Cable Protection.","breadcrumb":{"@id":"https:\/\/pioncableprotection.com\/inkoopvoorwaarden\/#breadcrumb"},"inLanguage":"de","potentialAction":[{"@type":"ReadAction","target":["https:\/\/pioncableprotection.com\/inkoopvoorwaarden\/"]}]},{"@type":"BreadcrumbList","@id":"https:\/\/pioncableprotection.com\/inkoopvoorwaarden\/#breadcrumb","itemListElement":[{"@type":"ListItem","position":1,"name":"Home","item":"https:\/\/pioncableprotection.com\/"},{"@type":"ListItem","position":2,"name":"12b. Inkoopvoorwaarden"}]},{"@type":"WebSite","@id":"https:\/\/pioncableprotection.com\/#website","url":"https:\/\/pioncableprotection.com\/","name":"Kabelschutz f\u00fcr die Infrastruktur: flexibel und innovativ","description":"Wir decken alles ab","publisher":{"@id":"https:\/\/pioncableprotection.com\/#organization"},"potentialAction":[{"@type":"SearchAction","target":{"@type":"EntryPoint","urlTemplate":"https:\/\/pioncableprotection.com\/?s={search_term_string}"},"query-input":{"@type":"PropertyValueSpecification","valueRequired":true,"valueName":"search_term_string"}}],"inLanguage":"de"},{"@type":"Organization","@id":"https:\/\/pioncableprotection.com\/#organization","name":"PION Kabelschutz","url":"https:\/\/pioncableprotection.com\/","logo":{"@type":"ImageObject","inLanguage":"de","@id":"https:\/\/pioncableprotection.com\/#\/schema\/logo\/image\/","url":"https:\/\/pioncableprotection.com\/wp-content\/uploads\/2025\/01\/Logo-Pion-color.svg","contentUrl":"https:\/\/pioncableprotection.com\/wp-content\/uploads\/2025\/01\/Logo-Pion-color.svg","width":818,"height":300,"caption":"PION Cable Protection"},"image":{"@id":"https:\/\/pioncableprotection.com\/#\/schema\/logo\/image\/"},"sameAs":["https:\/\/www.linkedin.com\/company\/pion-kunststoffen-bv\/","https:\/\/www.youtube.com\/channel\/UC_aDHj4d6NYp2ZyvLyyEIiQ"]}]}},"_links":{"self":[{"href":"https:\/\/pioncableprotection.com\/de\/wp-json\/wp\/v2\/pages\/463","targetHints":{"allow":["GET"]}}],"collection":[{"href":"https:\/\/pioncableprotection.com\/de\/wp-json\/wp\/v2\/pages"}],"about":[{"href":"https:\/\/pioncableprotection.com\/de\/wp-json\/wp\/v2\/types\/page"}],"author":[{"embeddable":true,"href":"https:\/\/pioncableprotection.com\/de\/wp-json\/wp\/v2\/users\/1"}],"replies":[{"embeddable":true,"href":"https:\/\/pioncableprotection.com\/de\/wp-json\/wp\/v2\/comments?post=463"}],"version-history":[{"count":0,"href":"https:\/\/pioncableprotection.com\/de\/wp-json\/wp\/v2\/pages\/463\/revisions"}],"wp:attachment":[{"href":"https:\/\/pioncableprotection.com\/de\/wp-json\/wp\/v2\/media?parent=463"}],"curies":[{"name":"wp","href":"https:\/\/api.w.org\/{rel}","templated":true}]}}