{"id":475,"date":"2025-12-03T13:15:34","date_gmt":"2025-12-03T13:15:34","guid":{"rendered":"https:\/\/nice-hoover.45-82-188-157.plesk.page\/inkoopvoorwaarden-2\/"},"modified":"2026-01-16T11:13:57","modified_gmt":"2026-01-16T11:13:57","slug":"datenschutzbestimmungen","status":"publish","type":"page","link":"https:\/\/pioncableprotection.com\/de\/privacybeleid\/","title":{"rendered":"12c. Datenschutz"},"content":{"rendered":"<div data-elementor-type=\"wp-page\" data-elementor-id=\"475\" class=\"elementor elementor-475\" data-elementor-post-type=\"page\">\n\t\t\t\t<div class=\"elementor-element elementor-element-582b40c e-flex e-con-boxed e-con e-parent\" data-id=\"582b40c\" data-element_type=\"container\" data-e-type=\"container\">\n\t\t\t\t\t<div class=\"e-con-inner\">\n\t\t<div class=\"elementor-element elementor-element-bbe4381 e-con-full e-flex e-con e-child\" data-id=\"bbe4381\" data-element_type=\"container\" data-e-type=\"container\">\n\t\t\t\t<div class=\"elementor-element elementor-element-aac67bf elementor-invisible elementor-widget elementor-widget-heading\" data-id=\"aac67bf\" data-element_type=\"widget\" data-e-type=\"widget\" data-settings=\"{&quot;_animation&quot;:&quot;fadeInUp&quot;}\" data-widget_type=\"heading.default\">\n\t\t\t\t\t<h1 class=\"elementor-heading-title elementor-size-default\">Haftungsausschluss, Datenschutz und Cookie-Richtlinie<\/h1>\t\t\t\t<\/div>\n\t\t<div class=\"elementor-element elementor-element-aa7e197 e-con-full e-flex e-con e-child\" data-id=\"aa7e197\" data-element_type=\"container\" data-e-type=\"container\">\n\t\t\t\t<div class=\"elementor-element elementor-element-8969bb1 elementor-invisible elementor-widget elementor-widget-text-editor\" data-id=\"8969bb1\" data-element_type=\"widget\" data-e-type=\"widget\" data-settings=\"{&quot;_animation&quot;:&quot;fadeIn&quot;,&quot;_animation_delay&quot;:500}\" data-widget_type=\"text-editor.default\">\n\t\t\t\t\t\t\t\t\t<p><strong>Allgemein<\/strong><br \/>PION Kunststoffen B.V., die auf dem Markt unter dem Namen PION Cable Protection t\u00e4tig ist, nachstehend PION genannt, gew\u00e4hrt Ihnen hiermit Zugang zu pioncableprotection.com (die Website).<\/p><p>Diese Seite enth\u00e4lt den Haftungsausschluss von pioncableprotection.com, wie von PION zur Verf\u00fcgung gestellt. In diesem Haftungsausschluss geben wir die Bedingungen an, unter denen wir die Informationen auf unserer Website bereitstellen.<\/p><p><strong>Geistiges Eigentum<\/strong><br \/>Die Nutzung der Informationen auf dieser Website ist kostenlos, solange diese Informationen nicht kopiert, verbreitet oder anderweitig verwendet oder missbraucht werden. Die Informationen auf dieser Website d\u00fcrfen nur in \u00dcbereinstimmung mit den zwingenden gesetzlichen Bestimmungen weiterverwendet werden. Die Wiederverwendung von Text-, Bild- oder anderen Materialien auf dieser Website ist ohne ausdr\u00fcckliche schriftliche Zustimmung von PION nicht gestattet. Das geistige Eigentum liegt bei PION.<\/p><p><strong>Keine Garantie f\u00fcr die Richtigkeit<\/strong><br \/>Bei den Informationen auf unserer Website bem\u00fchen wir uns, die Realit\u00e4t und den beabsichtigten Zusammenhang so sorgf\u00e4ltig wie m\u00f6glich wiederzugeben. Diesbez\u00fcgliche Fehler, die als Programmier- oder Tippfehler erkennbar sind, begr\u00fcnden in keinem Fall einen Anspruch oder die Annahme eines Vertrages oder einer Vereinbarung mit PION.<br \/>PION ist bestrebt, seine Website so aktuell wie m\u00f6glich zu halten. Sollten trotz dieser Bem\u00fchungen die Informationen oder Inhalte auf dieser Website unvollst\u00e4ndig und\/oder falsch sein, k\u00f6nnen wir keine Haftung \u00fcbernehmen.<\/p><p>Die Informationen auf dieser Website werden ohne jegliche Garantie und ohne Anspruch auf Richtigkeit zur Verf\u00fcgung gestellt. Wir behalten uns das Recht vor, diese Informationen ohne vorherige Ank\u00fcndigung zu \u00e4ndern, zu entfernen oder neu zu ver\u00f6ffentlichen. PION \u00fcbernimmt keine Haftung f\u00fcr Informationen, die auf Websites enthalten sind, auf die wir \u00fcber Hyperlinks verweisen.<\/p><p><strong>\u00c4nderungen<\/strong><br \/>Sollte sich dieser Haftungsausschluss \u00e4ndern, finden Sie die neueste Version des Haftungsausschlusses von pioncableprotection.com auf dieser Seite.<\/p><p><strong>Datenschutz und Cookie-Richtlinie PION Kunststoffen B.V.<\/strong><br \/>PION Plastics ist der Ansicht, dass der Schutz personenbezogener Daten f\u00fcr seine und Ihre Aktivit\u00e4ten von gro\u00dfer Bedeutung ist. Wir m\u00f6chten klare und transparente Informationen dar\u00fcber geben, wie wir die pers\u00f6nlichen Daten unserer Website-Besucher und Kunden verarbeiten.<\/p><p>Bei der Verarbeitung halten wir die Anforderungen des Datenschutzgesetzes ein. Dies bedeutet unter anderem, dass wir:<br \/>- In unserer Datenschutzerkl\u00e4rung ist klar angegeben, zu welchen Zwecken wir personenbezogene Daten verarbeiten;<br \/>- Wir beschr\u00e4nken uns auf die Erhebung von personenbezogenen Daten, die f\u00fcr rechtm\u00e4\u00dfige Zwecke erforderlich sind;<br \/>- In F\u00e4llen, in denen Ihre Zustimmung erforderlich ist, bitten wir Sie zun\u00e4chst um Ihre ausdr\u00fcckliche Zustimmung zur Verarbeitung Ihrer personenbezogenen Daten;<br \/>- Ergreifung geeigneter Sicherheitsma\u00dfnahmen zum Schutz Ihrer personenbezogenen Daten;<br \/>- Ihr Recht auf Einsichtnahme, Berichtigung oder L\u00f6schung Ihrer personenbezogenen Daten auf Anfrage zu respektieren.<br \/>- In dieser Datenschutzerkl\u00e4rung erl\u00e4utern wir, welche personenbezogenen Daten wir zu welchen Zwecken erheben und verwenden.<\/p><p><strong>Verwendung von personenbezogenen Daten<\/strong><br \/>Bei der Nutzung unserer Website k\u00f6nnen Sie die folgenden personenbezogenen Daten hinterlassen:<br \/>- Name des Unternehmens;<br \/>- Ihr Vor- und Nachname;<br \/>- Ihre E-Mail Adresse;<br \/>- Ihre Telefonnummer;<\/p><p><strong>Zwecke der Verarbeitung<\/strong><br \/>Wir verarbeiten Ihre personenbezogenen Daten f\u00fcr die folgenden Zwecke:<br \/>- Bereitstellung des Zugangs zur Website pioncableprotection.com;<br \/>- Nutzung der Funktionalit\u00e4ten unserer Website;<br \/>- Sie anzurufen oder per E-Mail zu kontaktieren, wenn dies f\u00fcr die Erbringung unserer Dienstleistungen erforderlich ist;<br \/>- Information \u00fcber \u00c4nderungen an unseren Dienstleistungen und Produkten<br \/>- um Ihnen Waren und Dienstleistungen zu liefern<br \/>- Marketingaktivit\u00e4ten f\u00fcr unsere Dienstleistungen, wie z. B. das Versenden eines Newsletters;<br \/>- Auswertung von Statistiken und Optimierung der Website;<br \/>- PION wird Ihre Daten nicht l\u00e4nger aufbewahren, als es f\u00fcr die Erreichung der in dieser Datenschutzerkl\u00e4rung genannten Zwecke erforderlich ist. - PION verarbeitet auch personenbezogene Daten, wenn wir gesetzlich dazu verpflichtet sind, wie z. B. Daten, die wir f\u00fcr unsere Steuererkl\u00e4rung ben\u00f6tigen.<br \/>- PION speichert Ihre personenbezogenen Daten nicht l\u00e4nger als unbedingt erforderlich, um die Zwecke zu erf\u00fcllen, f\u00fcr die Ihre Daten erhoben wurden.<\/p><p><strong>Besondere und\/oder sensible personenbezogene Daten<\/strong><br \/>Unsere Website hat nicht die Absicht, Daten \u00fcber Besucher unter 16 Jahren zu sammeln. Wir k\u00f6nnen jedoch nicht \u00fcberpr\u00fcfen, ob ein Besucher \u00e4lter als 16 Jahre ist. Wir raten daher den Eltern, sich mit den Online-Aktivit\u00e4ten ihrer Kinder zu befassen, um zu vermeiden, dass Daten \u00fcber Kinder ohne die Zustimmung der Eltern erfasst werden. Wenn Sie davon \u00fcberzeugt sind, dass wir personenbezogene Daten \u00fcber einen Minderj\u00e4hrigen ohne eine solche Zustimmung gesammelt haben, wenden Sie sich bitte an info@pioncableprotection.com, und wir werden diese Informationen l\u00f6schen.<\/p><p><strong>Kontakt-Formular<\/strong><br \/>Wenn Sie ein Kontaktformular auf der Website ausf\u00fcllen oder uns eine E-Mail schicken, verwenden wir Ihre Angaben nur, um mit Ihnen Kontakt aufzunehmen und Ihre Anfrage oder Beschwerde zu bearbeiten.<\/p><p><strong>Sicherheit<\/strong><br \/>Wir ergreifen geeignete Sicherheitsma\u00dfnahmen, um den Missbrauch und den unbefugten Zugriff auf Ihre personenbezogenen Daten zu begrenzen. So stellen wir beispielsweise sicher, dass nur die erforderlichen Personen Zugang zu Ihren Daten haben, dass der Zugang zu den Daten gesch\u00fctzt ist und dass unsere Sicherheitsma\u00dfnahmen regelm\u00e4\u00dfig \u00fcberpr\u00fcft werden. Sollten Sie dennoch den Eindruck haben, dass Ihre Daten nicht ordnungsgem\u00e4\u00df gesichert sind oder es Anzeichen f\u00fcr einen Missbrauch gibt, wenden Sie sich bitte an uns unter info@pioncableprotection.com.<\/p><p><strong>Websites von Dritten<\/strong><br \/>Diese Datenschutzerkl\u00e4rung gilt nicht f\u00fcr Websites Dritter, die \u00fcber Links mit dieser Website verbunden sind. Wir k\u00f6nnen nicht garantieren, dass diese Dritten Ihre pers\u00f6nlichen Daten auf zuverl\u00e4ssige oder sichere Weise behandeln. Wir empfehlen Ihnen, die Datenschutzerkl\u00e4rungen dieser Websites zu lesen, bevor Sie sie nutzen.<\/p><p><strong>\u00c4nderungen an dieser Erkl\u00e4rung zum Datenschutz und zu Cookies<\/strong><br \/>Wir behalten uns das Recht vor, \u00c4nderungen an dieser Datenschutzerkl\u00e4rung vorzunehmen. Wir empfehlen Ihnen, diese Datenschutzerkl\u00e4rung regelm\u00e4\u00dfig zu lesen, damit Sie \u00fcber diese \u00c4nderungen informiert sind.<\/p><p><strong>Beh\u00f6rde f\u00fcr personenbezogene Daten<\/strong><br \/>Selbstverst\u00e4ndlich helfen wir Ihnen gerne weiter, wenn Sie Beschwerden \u00fcber die Verarbeitung Ihrer personenbezogenen Daten haben. Sie k\u00f6nnen uns \u00fcber unser Kontaktformular oder unter info@pioncableprotection.com erreichen. Wenn Sie mit der Art und Weise, wie wir Ihre Beschwerde bearbeiten, unzufrieden sind, haben Sie das Recht, eine Beschwerde bei der Datenschutzbeh\u00f6rde einzureichen. Zu diesem Zweck k\u00f6nnen Sie sich an die Datenschutzbeh\u00f6rde wenden.<\/p><p><strong>Zugang und \u00c4nderung Ihrer Daten<\/strong><br \/>Wenn Sie Fragen zu unserer Datenschutzpolitik haben oder sich \u00fcber den Zugriff auf Ihre personenbezogenen Daten und deren \u00c4nderung (oder L\u00f6schung) erkundigen m\u00f6chten, k\u00f6nnen Sie sich jederzeit unter den unten angegebenen Kontaktdaten an uns wenden.<\/p><p><strong>PION Kunststoffen B.V.<\/strong><br \/>Stadtring 147<br \/>3817 BA Amersfoort<br \/>T: +31 (0) 33 2538630<br \/>M: info@pioncableprotection.com<br \/>Handelskammer \/ COC: 32098281<br \/>MEHRWERTSTEUER \/ MEHRWERTSTEUER : NL8124.31.935.B01<\/p>\t\t\t\t\t\t\t\t<\/div>\n\t\t\t\t<\/div>\n\t\t\t\t<\/div>\n\t\t\t\t\t<\/div>\n\t\t\t\t<\/div>\n\t\t\t\t<\/div>","protected":false},"excerpt":{"rendered":"<p>Disclaimer, privacy- en cookiebeleid AlgemeenPION Kunststoffen B.V. in de markt opererend onder de naam PION Cable Protection, hierna te noemen PION, verleent u hierbij toegang tot pioncableprotection.com (de website). Op deze pagina staat de disclaimer van pioncableprotection.com, zoals deze beschikbaar is gesteld door PION. In deze disclaimer geven wij aan onder welk voorbehoud wij de [&hellip;]<\/p>\n","protected":false},"author":1,"featured_media":0,"parent":0,"menu_order":10,"comment_status":"closed","ping_status":"closed","template":"","meta":{"_acf_changed":false,"footnotes":""},"class_list":["post-475","page","type-page","status-publish","hentry"],"acf":[],"yoast_head":"<!-- This site is optimized with the Yoast SEO plugin v27.3 - https:\/\/yoast.com\/product\/yoast-seo-wordpress\/ -->\n<title>12c. Privacybeleid - PION Cable Protection<\/title>\n<meta name=\"robots\" content=\"index, follow, max-snippet:-1, max-image-preview:large, max-video-preview:-1\" \/>\n<link rel=\"canonical\" href=\"https:\/\/pioncableprotection.com\/de\/datenschutzbestimmungen\/\" \/>\n<meta property=\"og:locale\" content=\"de_DE\" \/>\n<meta property=\"og:type\" content=\"article\" \/>\n<meta property=\"og:title\" content=\"12c. Privacybeleid - PION Cable Protection\" \/>\n<meta property=\"og:description\" content=\"Disclaimer, privacy- en cookiebeleid AlgemeenPION Kunststoffen B.V. in de markt opererend onder de naam PION Cable Protection, hierna te noemen PION, verleent u hierbij toegang tot pioncableprotection.com (de website). Op deze pagina staat de disclaimer van pioncableprotection.com, zoals deze beschikbaar is gesteld door PION. In deze disclaimer geven wij aan onder welk voorbehoud wij de [&hellip;]\" \/>\n<meta property=\"og:url\" content=\"https:\/\/pioncableprotection.com\/de\/datenschutzbestimmungen\/\" \/>\n<meta property=\"og:site_name\" content=\"PION Cable Protection\" \/>\n<meta property=\"article:modified_time\" content=\"2026-01-16T11:13:57+00:00\" \/>\n<meta property=\"og:image\" content=\"https:\/\/pioncableprotection.com\/wp-content\/uploads\/2025\/12\/1S2A6402-1-1.webp\" \/>\n\t<meta property=\"og:image:width\" content=\"600\" \/>\n\t<meta property=\"og:image:height\" content=\"600\" \/>\n\t<meta property=\"og:image:type\" content=\"image\/jpeg\" \/>\n<meta name=\"twitter:card\" content=\"summary_large_image\" \/>\n<meta name=\"twitter:label1\" content=\"Gesch\u00e4tzte Lesezeit\" \/>\n\t<meta name=\"twitter:data1\" content=\"6\u00a0Minuten\" \/>\n<script type=\"application\/ld+json\" class=\"yoast-schema-graph\">{\"@context\":\"https:\\\/\\\/schema.org\",\"@graph\":[{\"@type\":\"WebPage\",\"@id\":\"https:\\\/\\\/pioncableprotection.com\\\/privacybeleid\\\/\",\"url\":\"https:\\\/\\\/pioncableprotection.com\\\/privacybeleid\\\/\",\"name\":\"12c. Privacybeleid - PION Cable Protection\",\"isPartOf\":{\"@id\":\"https:\\\/\\\/pioncableprotection.com\\\/#website\"},\"datePublished\":\"2025-12-03T13:15:34+00:00\",\"dateModified\":\"2026-01-16T11:13:57+00:00\",\"breadcrumb\":{\"@id\":\"https:\\\/\\\/pioncableprotection.com\\\/privacybeleid\\\/#breadcrumb\"},\"inLanguage\":\"de\",\"potentialAction\":[{\"@type\":\"ReadAction\",\"target\":[\"https:\\\/\\\/pioncableprotection.com\\\/privacybeleid\\\/\"]}]},{\"@type\":\"BreadcrumbList\",\"@id\":\"https:\\\/\\\/pioncableprotection.com\\\/privacybeleid\\\/#breadcrumb\",\"itemListElement\":[{\"@type\":\"ListItem\",\"position\":1,\"name\":\"Home\",\"item\":\"https:\\\/\\\/pioncableprotection.com\\\/\"},{\"@type\":\"ListItem\",\"position\":2,\"name\":\"12c. Privacybeleid\"}]},{\"@type\":\"WebSite\",\"@id\":\"https:\\\/\\\/pioncableprotection.com\\\/#website\",\"url\":\"https:\\\/\\\/pioncableprotection.com\\\/\",\"name\":\"Kabelbescherming voor infra: flexibel \u00e9n innovatief\",\"description\":\"We cover it all\",\"publisher\":{\"@id\":\"https:\\\/\\\/pioncableprotection.com\\\/#organization\"},\"potentialAction\":[{\"@type\":\"SearchAction\",\"target\":{\"@type\":\"EntryPoint\",\"urlTemplate\":\"https:\\\/\\\/pioncableprotection.com\\\/?s={search_term_string}\"},\"query-input\":{\"@type\":\"PropertyValueSpecification\",\"valueRequired\":true,\"valueName\":\"search_term_string\"}}],\"inLanguage\":\"de\"},{\"@type\":\"Organization\",\"@id\":\"https:\\\/\\\/pioncableprotection.com\\\/#organization\",\"name\":\"PION Cable Protection\",\"url\":\"https:\\\/\\\/pioncableprotection.com\\\/\",\"logo\":{\"@type\":\"ImageObject\",\"inLanguage\":\"de\",\"@id\":\"https:\\\/\\\/pioncableprotection.com\\\/#\\\/schema\\\/logo\\\/image\\\/\",\"url\":\"https:\\\/\\\/pioncableprotection.com\\\/wp-content\\\/uploads\\\/2025\\\/01\\\/Logo-Pion-color.svg\",\"contentUrl\":\"https:\\\/\\\/pioncableprotection.com\\\/wp-content\\\/uploads\\\/2025\\\/01\\\/Logo-Pion-color.svg\",\"width\":818,\"height\":300,\"caption\":\"PION Cable Protection\"},\"image\":{\"@id\":\"https:\\\/\\\/pioncableprotection.com\\\/#\\\/schema\\\/logo\\\/image\\\/\"},\"sameAs\":[\"https:\\\/\\\/www.linkedin.com\\\/company\\\/pion-kunststoffen-bv\\\/\",\"https:\\\/\\\/www.youtube.com\\\/channel\\\/UC_aDHj4d6NYp2ZyvLyyEIiQ\"]}]}<\/script>\n<!-- \/ Yoast SEO plugin. -->","yoast_head_json":{"title":"12c. Datenschutzerkl\u00e4rung - PION Cable Protection","robots":{"index":"index","follow":"follow","max-snippet":"max-snippet:-1","max-image-preview":"max-image-preview:large","max-video-preview":"max-video-preview:-1"},"canonical":"https:\/\/pioncableprotection.com\/de\/datenschutzbestimmungen\/","og_locale":"de_DE","og_type":"article","og_title":"12c. Privacybeleid - PION Cable Protection","og_description":"Disclaimer, privacy- en cookiebeleid AlgemeenPION Kunststoffen B.V. in de markt opererend onder de naam PION Cable Protection, hierna te noemen PION, verleent u hierbij toegang tot pioncableprotection.com (de website). Op deze pagina staat de disclaimer van pioncableprotection.com, zoals deze beschikbaar is gesteld door PION. In deze disclaimer geven wij aan onder welk voorbehoud wij de [&hellip;]","og_url":"https:\/\/pioncableprotection.com\/de\/datenschutzbestimmungen\/","og_site_name":"PION Cable Protection","article_modified_time":"2026-01-16T11:13:57+00:00","og_image":[{"width":600,"height":600,"url":"https:\/\/pioncableprotection.com\/wp-content\/uploads\/2025\/12\/1S2A6402-1-1.webp","type":"image\/jpeg"}],"twitter_card":"summary_large_image","twitter_misc":{"Gesch\u00e4tzte Lesezeit":"6\u00a0Minuten"},"schema":{"@context":"https:\/\/schema.org","@graph":[{"@type":"WebPage","@id":"https:\/\/pioncableprotection.com\/privacybeleid\/","url":"https:\/\/pioncableprotection.com\/privacybeleid\/","name":"12c. Datenschutzerkl\u00e4rung - PION Cable Protection","isPartOf":{"@id":"https:\/\/pioncableprotection.com\/#website"},"datePublished":"2025-12-03T13:15:34+00:00","dateModified":"2026-01-16T11:13:57+00:00","breadcrumb":{"@id":"https:\/\/pioncableprotection.com\/privacybeleid\/#breadcrumb"},"inLanguage":"de","potentialAction":[{"@type":"ReadAction","target":["https:\/\/pioncableprotection.com\/privacybeleid\/"]}]},{"@type":"BreadcrumbList","@id":"https:\/\/pioncableprotection.com\/privacybeleid\/#breadcrumb","itemListElement":[{"@type":"ListItem","position":1,"name":"Home","item":"https:\/\/pioncableprotection.com\/"},{"@type":"ListItem","position":2,"name":"12c. Privacybeleid"}]},{"@type":"WebSite","@id":"https:\/\/pioncableprotection.com\/#website","url":"https:\/\/pioncableprotection.com\/","name":"Kabelschutz f\u00fcr die Infrastruktur: flexibel und innovativ","description":"Wir decken alles ab","publisher":{"@id":"https:\/\/pioncableprotection.com\/#organization"},"potentialAction":[{"@type":"SearchAction","target":{"@type":"EntryPoint","urlTemplate":"https:\/\/pioncableprotection.com\/?s={search_term_string}"},"query-input":{"@type":"PropertyValueSpecification","valueRequired":true,"valueName":"search_term_string"}}],"inLanguage":"de"},{"@type":"Organization","@id":"https:\/\/pioncableprotection.com\/#organization","name":"PION Kabelschutz","url":"https:\/\/pioncableprotection.com\/","logo":{"@type":"ImageObject","inLanguage":"de","@id":"https:\/\/pioncableprotection.com\/#\/schema\/logo\/image\/","url":"https:\/\/pioncableprotection.com\/wp-content\/uploads\/2025\/01\/Logo-Pion-color.svg","contentUrl":"https:\/\/pioncableprotection.com\/wp-content\/uploads\/2025\/01\/Logo-Pion-color.svg","width":818,"height":300,"caption":"PION Cable Protection"},"image":{"@id":"https:\/\/pioncableprotection.com\/#\/schema\/logo\/image\/"},"sameAs":["https:\/\/www.linkedin.com\/company\/pion-kunststoffen-bv\/","https:\/\/www.youtube.com\/channel\/UC_aDHj4d6NYp2ZyvLyyEIiQ"]}]}},"_links":{"self":[{"href":"https:\/\/pioncableprotection.com\/de\/wp-json\/wp\/v2\/pages\/475","targetHints":{"allow":["GET"]}}],"collection":[{"href":"https:\/\/pioncableprotection.com\/de\/wp-json\/wp\/v2\/pages"}],"about":[{"href":"https:\/\/pioncableprotection.com\/de\/wp-json\/wp\/v2\/types\/page"}],"author":[{"embeddable":true,"href":"https:\/\/pioncableprotection.com\/de\/wp-json\/wp\/v2\/users\/1"}],"replies":[{"embeddable":true,"href":"https:\/\/pioncableprotection.com\/de\/wp-json\/wp\/v2\/comments?post=475"}],"version-history":[{"count":0,"href":"https:\/\/pioncableprotection.com\/de\/wp-json\/wp\/v2\/pages\/475\/revisions"}],"wp:attachment":[{"href":"https:\/\/pioncableprotection.com\/de\/wp-json\/wp\/v2\/media?parent=475"}],"curies":[{"name":"wp","href":"https:\/\/api.w.org\/{rel}","templated":true}]}}