{"id":463,"date":"2025-12-03T13:06:33","date_gmt":"2025-12-03T13:06:33","guid":{"rendered":"https:\/\/nice-hoover.45-82-188-157.plesk.page\/leverings-en-verkoopvoorwaarden-2\/"},"modified":"2026-01-16T11:12:29","modified_gmt":"2026-01-16T11:12:29","slug":"conditions-dachat","status":"publish","type":"page","link":"https:\/\/pioncableprotection.com\/fr\/inkoopvoorwaarden\/","title":{"rendered":"12b. Conditions d'achat"},"content":{"rendered":"<div data-elementor-type=\"wp-page\" data-elementor-id=\"463\" class=\"elementor elementor-463\" data-elementor-post-type=\"page\">\n\t\t\t\t<div class=\"elementor-element elementor-element-582b40c e-flex e-con-boxed e-con e-parent\" data-id=\"582b40c\" data-element_type=\"container\" data-e-type=\"container\">\n\t\t\t\t\t<div class=\"e-con-inner\">\n\t\t<div class=\"elementor-element elementor-element-bbe4381 e-con-full e-flex e-con e-child\" data-id=\"bbe4381\" data-element_type=\"container\" data-e-type=\"container\">\n\t\t\t\t<div class=\"elementor-element elementor-element-aac67bf elementor-invisible elementor-widget elementor-widget-heading\" data-id=\"aac67bf\" data-element_type=\"widget\" data-e-type=\"widget\" data-settings=\"{&quot;_animation&quot;:&quot;fadeInUp&quot;}\" data-widget_type=\"heading.default\">\n\t\t\t\t\t<h1 class=\"elementor-heading-title elementor-size-default\">Conditions d'achat<\/h1>\t\t\t\t<\/div>\n\t\t<div class=\"elementor-element elementor-element-aa7e197 e-con-full e-flex e-con e-child\" data-id=\"aa7e197\" data-element_type=\"container\" data-e-type=\"container\">\n\t\t\t\t<div class=\"elementor-element elementor-element-8969bb1 elementor-invisible elementor-widget elementor-widget-text-editor\" data-id=\"8969bb1\" data-element_type=\"widget\" data-e-type=\"widget\" data-settings=\"{&quot;_animation&quot;:&quot;fadeIn&quot;,&quot;_animation_delay&quot;:500}\" data-widget_type=\"text-editor.default\">\n\t\t\t\t\t\t\t\t\t<p><strong>1. Dispositions g\u00e9n\u00e9rales<br \/><\/strong>Dans les pr\u00e9sentes conditions g\u00e9n\u00e9rales d'achat, PION Cable Protection d\u00e9signe PION Kunststoffen B.V. d'Amersfoort.<\/p><p><strong>2. L'applicabilit\u00e9 de la loi<br \/><\/strong>2.1 Ces conditions s'appliquent \u00e0 tous les contrats d'achat par lesquels PION Cable Protection ach\u00e8te un ou plusieurs articles et \u00e0 tous les contrats de mission par lesquels PION Cable Protection \u00e9met des ordres d'ex\u00e9cution de travaux ainsi qu'aux contrats de sous-traitance de travaux, que ces contrats soient conclus oralement ou par \u00e9crit.<br \/><span style=\"font-family: -apple-system, BlinkMacSystemFont, 'Segoe UI', Roboto, 'Helvetica Neue', Arial, 'Noto Sans', sans-serif, 'Apple Color Emoji', 'Segoe UI Emoji', 'Segoe UI Symbol', 'Noto Color Emoji';\">2.2 Les d\u00e9rogations aux pr\u00e9sentes conditions g\u00e9n\u00e9rales ne s'appliquent que dans la mesure o\u00f9 elles ont \u00e9t\u00e9 express\u00e9ment convenues par \u00e9crit par les parties. L'autre partie ne peut tirer aucun droit de ces d\u00e9rogations pour des accords conclus ult\u00e9rieurement.<\/span><\/p><p><strong>3. Offres et confirmations de commandes<br \/><\/strong>3.1 Si PION Cable Protection demande \u00e0 l'autre partie de faire une offre et que l'autre partie se conforme \u00e0 cette demande sans rejeter express\u00e9ment par \u00e9crit l'applicabilit\u00e9 de ces conditions g\u00e9n\u00e9rales d'achat, l'offre est r\u00e9put\u00e9e avoir une dur\u00e9e de validit\u00e9 d'au moins 30 jours calendaires \u00e0 compter de la date \u00e0 laquelle l'offre est faite, ind\u00e9pendamment de toute p\u00e9riode plus courte mentionn\u00e9e dans l'offre.<br \/>3.2 Les accords conclus oralement doivent \u00eatre confirm\u00e9s par \u00e9crit par PION Cable Protection. Jusqu'\u00e0 ce que cette confirmation \u00e9crite soit re\u00e7ue par l'autre partie, PION Cable Protection peut, s'il y a eu une offre de PION Cable Protection, retirer son offre et, s'il y a eu une offre de l'autre partie, son acceptation par \u00e9crit. Si PION Cable Protection n'a pas confirm\u00e9 par \u00e9crit une demande en ce sens de l'autre partie dans les cinq jours calendaires suivant cette demande, l'offre de PION Cable Protection ou l'acceptation de PION Cable Protection sera consid\u00e9r\u00e9e comme r\u00e9voqu\u00e9e et l'accord sera consid\u00e9r\u00e9 comme n'ayant pas \u00e9t\u00e9 form\u00e9.<br \/>3.3 PION Cable Protection n'est pas oblig\u00e9 de payer une compensation pour toute perte subie par l'autre partie en rapport avec la r\u00e9vocation par PION Cable Protection telle que mentionn\u00e9e dans l'article 3.2.<\/p><p><strong>4. Prix et factures<br \/><\/strong>4.1 Sauf indication contraire expresse et \u00e9crite, tous les prix indiqu\u00e9s ou convenus sont fixes, hors taxe sur le chiffre d'affaires, mais y compris tous les frais encourus par l'autre partie dans le cadre de l'ex\u00e9cution du contrat, tels que les frais d'emballage et, en cas de travaux \u00e0 effectuer par l'autre partie, les frais li\u00e9s aux mat\u00e9riaux et aux pi\u00e8ces \u00e0 utiliser dans le cadre du processus. Les prix des marchandises s'entendent franco lieu de livraison<br \/>4.2 Si l'autre partie livre plus ou d'autres marchandises ou ex\u00e9cute plus ou d'autres travaux que ce qui avait \u00e9t\u00e9 convenu \u00e0 l'origine, les prix suppl\u00e9mentaires qui en d\u00e9coulent ne peuvent \u00eatre r\u00e9percut\u00e9s sur PION Cable Protection que si PION Cable Protection a express\u00e9ment accept\u00e9 ces augmentations de prix par \u00e9crit avant la livraison ou l'ex\u00e9cution des travaux.<br \/>4.3 Tous les prix doivent \u00eatre libell\u00e9s en euros.<br \/>4.4 L'autre partie doit envoyer \u00e0 PION Cable Protection une facture suffisamment pr\u00e9cise (indiquant le num\u00e9ro de commande) pour les marchandises livr\u00e9es ou \u00e0 livrer par elle ou les travaux effectu\u00e9s ou \u00e0 effectuer par elle. Les factures doivent \u00eatre accompagn\u00e9es de re\u00e7us\/papiers sign\u00e9s pour approbation par un repr\u00e9sentant autoris\u00e9 de PION Cable Protection.<br \/>4.5 PION Cable Protection ne sera tenu de payer qu'\u00e0 l'expiration d'un d\u00e9lai de 60 jours calendaires apr\u00e8s r\u00e9ception de cette facture, mais en aucun cas dans les 60 jours calendaires suivant le transfert de propri\u00e9t\u00e9 des marchandises concern\u00e9es \u00e0 PION Cable Protection ou l'ex\u00e9cution des travaux concern\u00e9s.<br \/>4.6 Les factures que l'autre partie doit envoyer \u00e0 PION Cable Protection doivent r\u00e9pondre aux exigences fix\u00e9es dans ou en vertu de la loi sur l'imp\u00f4t sur le chiffre d'affaires. Si l'accord est soumis \u00e0 la loi sur la responsabilit\u00e9 s\u00e9quentielle, ces factures doivent \u00e9galement r\u00e9pondre aux exigences fix\u00e9es dans ou en vertu de cette loi.<br \/>4.7 Les factures qui ne sont pas conformes aux exigences \u00e9nonc\u00e9es dans les paragraphes pr\u00e9c\u00e9dents du pr\u00e9sent article ne seront pas prises en consid\u00e9ration et ne seront pas pay\u00e9es.<\/p><p><strong>5. Livraison et risque<br \/><\/strong>5.1 Les marchandises ou les travaux doivent \u00eatre livr\u00e9s ou ex\u00e9cut\u00e9s par l'autre partie \u00e0 ses frais et risques \u00e0 l'endroit convenu par les parties. Si aucun lieu n'a \u00e9t\u00e9 convenu par les parties, les marchandises doivent \u00eatre livr\u00e9es ou les travaux ex\u00e9cut\u00e9s dans la succursale de PION Cable Protection. .<br \/>5.2 La propri\u00e9t\u00e9 des marchandises faisant l'objet de l'accord entre les parties est transf\u00e9r\u00e9e \u00e0 PION Cable Protection au moment o\u00f9 les marchandises sont effectivement mises \u00e0 la disposition de PION Cable Protection ou du tiers auquel les marchandises doivent \u00eatre livr\u00e9es conform\u00e9ment \u00e0 l'article 5.1. Jusqu'\u00e0 ce moment, les marchandises sont enti\u00e8rement \u00e0 la charge et aux risques de l'autre partie.<br \/>5.3 Le d\u00e9lai de livraison convenu ou le d\u00e9lai convenu pour l'ex\u00e9cution du travail est contraignant et doit \u00eatre consid\u00e9r\u00e9 comme une date limite. Si l'autre partie peut n\u00e9anmoins raisonnablement pr\u00e9voir que le d\u00e9lai de livraison convenu ou le d\u00e9lai convenu pour l'ex\u00e9cution du travail ne pourra pas \u00eatre respect\u00e9, elle doit en informer PION Cable Protection par \u00e9crit dans les plus brefs d\u00e9lais.<br \/>5.4 Sauf en cas de force majeure de la part de l'autre partie, en cas de d\u00e9passement des d\u00e9lais vis\u00e9s \u00e0 l'Art. 5.3, sans qu'aucune autre mise en demeure ne soit n\u00e9cessaire, PION Cable Protection aura droit \u00e0 une p\u00e9nalit\u00e9 imm\u00e9diatement exigible et payable de 5% par jour du prix convenu des marchandises \u00e0 livrer ou des travaux \u00e0 effectuer pendant la p\u00e9riode o\u00f9 l'autre partie est en d\u00e9faut d'ex\u00e9cution dans les d\u00e9lais, sans pr\u00e9judice de la possibilit\u00e9 de r\u00e9silier le contrat en tout ou en partie ou de r\u00e9clamer une compensation alternative ou suppl\u00e9mentaire.<\/p><p><strong>6. Les garanties<br \/><\/strong>6.1 A la premi\u00e8re demande de PION Cable Protection, l'autre partie sera oblig\u00e9e de r\u00e9parer \u00e0 ses propres frais tous les d\u00e9fauts et vices qui surviennent dans une p\u00e9riode de 12 mois apr\u00e8s la livraison des marchandises livr\u00e9es par l'autre partie, dans un d\u00e9lai raisonnable fix\u00e9 par PION Cable Protection, ou, si la r\u00e9paration n'est pas raisonnablement possible, de remplacer les marchandises par des marchandises comparables de bonne qualit\u00e9. Si l'autre partie ne respecte pas l'obligation de r\u00e9paration ou de remplacement susmentionn\u00e9e, PION Cable Protection aura le droit de r\u00e9parer ou de faire r\u00e9parer les d\u00e9fauts ou de les remplacer ou de les faire remplacer, auquel cas tous les co\u00fbts seront support\u00e9s par l'autre partie.<br \/>6.2 L'autre partie garantit la solidit\u00e9 des activit\u00e9s qu'elle a exerc\u00e9es pendant une p\u00e9riode de 12 mois apr\u00e8s l'ach\u00e8vement de ces activit\u00e9s. S'il appara\u00eet au cours de cette p\u00e9riode que l'autre partie a failli \u00e0 l'ex\u00e9cution de ses activit\u00e9s de quelque mani\u00e8re que ce soit, l'autre partie doit quand m\u00eame ex\u00e9cuter ses activit\u00e9s correctement, tous les co\u00fbts, y compris les co\u00fbts li\u00e9s aux mat\u00e9riaux ou aux pi\u00e8ces \u00e0 utiliser dans les activit\u00e9s (de remplacement), \u00e9tant \u00e0 la charge de l'autre partie.<br \/>6.3 Les dispositions de garantie des articles 6.1 et 6.2 n'affectent pas les droits auxquels PION Cable Protection a ou aurait droit en vertu de la loi en rapport avec un manquement de l'autre partie dans l'ex\u00e9cution d'une obligation d\u00e9coulant de l'accord.<\/p><p><strong>7. La qualit\u00e9<\/strong>\u00a0<br \/>L'autre partie garantit que les marchandises livr\u00e9es sont :<\/p><ul><li>de bonne qualit\u00e9, sans d\u00e9faut de conception, de construction, d'assemblage et de mat\u00e9riaux ;<\/li><li>l'assemblage et les mat\u00e9riaux ; conform\u00e9ment aux exigences de l'accord, des documents accompagnant l'accord et\/ou des documents mis \u00e0 disposition, ainsi qu'aux exigences d\u00e9coulant des normes applicables aux biens en question ;<\/li><li>conformes aux exigences fix\u00e9es par les autorit\u00e9s et adapt\u00e9s \u00e0 l'usage auquel ils sont destin\u00e9s.<\/li><\/ul><p><strong>8. Responsabilit\u00e9 et indemnisation<br \/><\/strong>8.1 PION Cable Protection n'est pas responsable des dommages de toute nature subis par l'autre partie, li\u00e9s \u00e0 ou r\u00e9sultant de l'ex\u00e9cution de ses obligations dans le cadre du contrat par PION ou les auxiliaires engag\u00e9s par PION, sauf et dans la mesure o\u00f9 ces dommages r\u00e9sultent d'une faute lourde ou d'une intention de ses cadres.<br \/>8.2 Toute responsabilit\u00e9 de PION Cable Protection pour des dommages sera limit\u00e9e \u00e0 un montant de 5 000,00 par \u00e9v\u00e9nement ou s\u00e9rie d'\u00e9v\u00e9nements ayant une cause commune. N\u00e9anmoins, PION Cable Protection ne sera en aucun cas responsable des dommages subis par l'autre partie dans la mesure o\u00f9 ils d\u00e9passent le montant \u00e9ligible \u00e0 l'indemnisation dans le cadre de l'assurance responsabilit\u00e9 civile d'entreprise de PION Cable Protection dans le cas concern\u00e9.<br \/>8.3 L'autre partie doit indemniser PION Cable Protection de toutes les r\u00e9clamations et de tous les droits (l\u00e9gaux) des tiers, y compris ceux dans les locaux desquels l'autre partie a effectu\u00e9 des travaux pour le compte de PION Cable Protection ou dans les locaux desquels l'autre partie a livr\u00e9 des marchandises, en rapport avec les dommages de quelque nature que ce soit subis par ces tiers et qui sont li\u00e9s de quelque mani\u00e8re que ce soit \u00e0 l'accord conclu entre les parties, ou avec un acte ill\u00e9gal commis par l'autre partie \u00e0 l'encontre de PION Cable Protection ou un manquement imputable \u00e0 l'autre partie \u00e0 l'encontre de PION Cable Protection, y compris le d\u00e9passement d'une dur\u00e9e telle que vis\u00e9e \u00e0 l'article 5.3. L'obligation d'indemnisation comprend \u00e9galement les co\u00fbts raisonnablement encourus par PION Cable Protection dans le cadre de ces r\u00e9clamations et actions (judiciaires).<\/p><p><strong>9. S\u00e9curit\u00e9<br \/><\/strong>9.1 Si PION Cable Protection a de bonnes raisons de croire que l'autre partie ne respectera pas ses obligations \u00e0 temps, l'autre partie sera oblig\u00e9e, \u00e0 la premi\u00e8re demande de PION Cable Protection, de fournir imm\u00e9diatement une garantie suffisante que les obligations seront respect\u00e9es, faute de quoi PION Cable Protection aura le droit de r\u00e9silier l'accord avec effet imm\u00e9diat sans qu'aucune mise en demeure ne soit n\u00e9cessaire. Les frais suppl\u00e9mentaires (cons\u00e9cutifs) qui en d\u00e9coulent sont \u00e0 la charge de l'autre partie.<\/p><p><strong>10. Dissolution totale ou partielle<br \/><\/strong>10.1 Dans les cas suivants, le contractant est en d\u00e9faut de plein droit et le client a le droit, sans qu'aucune mise en demeure ou intervention judiciaire ne soit n\u00e9cessaire, de d\u00e9clarer le contrat enti\u00e8rement ou partiellement r\u00e9sili\u00e9, sans pr\u00e9judice de son droit \u00e0 une indemnisation : a. Si Sous r\u00e9serve des cas pr\u00e9vus par la loi et par les pr\u00e9sentes conditions g\u00e9n\u00e9rales, PION Cable Protection a le droit de r\u00e9silier le contrat si : l'autre partie est d\u00e9clar\u00e9e en faillite ou si une demande de faillite est d\u00e9pos\u00e9e ; l'autre partie b\u00e9n\u00e9ficie d'un sursis de paiement ou si une demande de sursis de paiement est d\u00e9pos\u00e9e ; l'autre partie est d\u00e9clar\u00e9e soumise \u00e0 la loi sur le r\u00e9\u00e9chelonnement des dettes des personnes physiques ou est plac\u00e9e sous tutelle ; l'entreprise de l'autre partie est abandonn\u00e9e ou liquid\u00e9e et si une saisie avant jugement ou une saisie ex\u00e9cutoire est effectu\u00e9e \u00e0 l'encontre de l'autre partie.<br \/>10.2 PION Cable Protection n'est pas tenu d'indemniser l'autre partie pour toute perte subie par celle-ci en rapport avec la dissolution de l'accord par PION Cable Protection comme indiqu\u00e9 \u00e0 l'article 9.1.<\/p><p><strong>11. Propri\u00e9t\u00e9 intellectuelle<br \/><\/strong>11.1 Toute la documentation, les images, les dessins, les mod\u00e8les, etc. fournis par PION Cable Protection \u00e0 l'autre partie et tous les droits de propri\u00e9t\u00e9 intellectuelle y aff\u00e9rents restent la propri\u00e9t\u00e9 de PION Cable Protection. .<br \/>11.2 L'autre partie n'est pas autoris\u00e9e \u00e0 reproduire ou \u00e0 divulguer \u00e0 des tiers les documents vis\u00e9s \u00e0 l'article 10.1 ou les donn\u00e9es qui y sont contenues ou dont elle a eu connaissance d'une autre mani\u00e8re, sauf avec le consentement \u00e9crit expr\u00e8s de l'autre partie.<\/p><p><strong>12. Droit applicable\/juridiction comp\u00e9tente<br \/><\/strong>12.1 Le contrat est r\u00e9gi exclusivement par le droit n\u00e9erlandais. L'applicabilit\u00e9 de la Convention de Vienne est express\u00e9ment exclue.<br \/>12.2 Tous les litiges dans le cadre de l'accord seront exclusivement jug\u00e9s par le tribunal n\u00e9erlandais dans la juridiction duquel PION Cable Protection est \u00e9tabli, \u00e0 moins que PION Cable Protection, en tant que demandeur ou partie requ\u00e9rante, ne choisisse de soumettre le litige \u00e0 un autre tribunal comp\u00e9tent aux Pays-Bas. Tout ceci dans la mesure o\u00f9 un autre tribunal n'est pas comp\u00e9tent sur la base des r\u00e8gles de droit imp\u00e9ratif.<\/p><p><strong>13. Conversion<br \/><\/strong>13.1 Si et dans la mesure o\u00f9 une disposition des pr\u00e9sentes conditions g\u00e9n\u00e9rales ne peut \u00eatre invoqu\u00e9e en raison de son caract\u00e8re raisonnable et \u00e9quitable ou de son caract\u00e8re d\u00e9raisonnablement on\u00e9reux, cette disposition se verra attribuer un sens correspondant le mieux possible \u00e0 son contenu et \u00e0 sa port\u00e9e, de sorte qu'elle puisse \u00eatre invoqu\u00e9e. Les pr\u00e9sentes conditions ont \u00e9t\u00e9 d\u00e9pos\u00e9es \u00e0 la Chambre de commerce et d'industrie d'Amersfoort, aux Pays-Bas.<\/p>\t\t\t\t\t\t\t\t<\/div>\n\t\t\t\t<\/div>\n\t\t\t\t<\/div>\n\t\t\t\t\t<\/div>\n\t\t\t\t<\/div>\n\t\t\t\t<\/div>","protected":false},"excerpt":{"rendered":"<p>Inkoopvoorwaarden 1. Algemene bepalingenOnder PION Cable Protection wordt in deze algemene inkoopvoorwaarden verstaan PION Kunststoffen B.V. te Amersfoort. 2. Toepasselijkheid2.1 Deze voorwaarden zijn van toepassing op alle koopovereenkomsten waarbij PION Cable Protection een of meer zaken koopt en op alle overeenkomsten van opdracht waarbij PION Cable Protection opdrachten tot het verrichten van werkzaamheden verstrekt alsmede [&hellip;]<\/p>\n","protected":false},"author":1,"featured_media":0,"parent":0,"menu_order":9,"comment_status":"closed","ping_status":"closed","template":"","meta":{"_acf_changed":false,"footnotes":""},"class_list":["post-463","page","type-page","status-publish","hentry"],"acf":[],"yoast_head":"<!-- This site is optimized with the Yoast SEO plugin v27.3 - https:\/\/yoast.com\/product\/yoast-seo-wordpress\/ -->\n<title>Inkoopvoorwaarden | PION Cable Protection<\/title>\n<meta name=\"description\" content=\"Bekijk hier de inkoopvoorwaarden van PION Cable Protection.\" \/>\n<meta name=\"robots\" content=\"index, follow, max-snippet:-1, max-image-preview:large, max-video-preview:-1\" \/>\n<link rel=\"canonical\" href=\"https:\/\/pioncableprotection.com\/fr\/conditions-dachat\/\" \/>\n<meta property=\"og:locale\" content=\"fr_FR\" \/>\n<meta property=\"og:type\" content=\"article\" \/>\n<meta property=\"og:title\" content=\"Inkoopvoorwaarden | PION Cable Protection\" \/>\n<meta property=\"og:description\" content=\"Bekijk hier de inkoopvoorwaarden van PION Cable Protection.\" \/>\n<meta property=\"og:url\" content=\"https:\/\/pioncableprotection.com\/fr\/conditions-dachat\/\" \/>\n<meta property=\"og:site_name\" content=\"PION Cable Protection\" \/>\n<meta property=\"article:modified_time\" content=\"2026-01-16T11:12:29+00:00\" \/>\n<meta property=\"og:image\" content=\"https:\/\/pioncableprotection.com\/wp-content\/uploads\/2025\/12\/1S2A6402-1-1.webp\" \/>\n\t<meta property=\"og:image:width\" content=\"600\" \/>\n\t<meta property=\"og:image:height\" content=\"600\" \/>\n\t<meta property=\"og:image:type\" content=\"image\/jpeg\" \/>\n<meta name=\"twitter:card\" content=\"summary_large_image\" \/>\n<meta name=\"twitter:label1\" content=\"Dur\u00e9e de lecture estim\u00e9e\" \/>\n\t<meta name=\"twitter:data1\" content=\"10 minutes\" \/>\n<script type=\"application\/ld+json\" class=\"yoast-schema-graph\">{\"@context\":\"https:\\\/\\\/schema.org\",\"@graph\":[{\"@type\":\"WebPage\",\"@id\":\"https:\\\/\\\/pioncableprotection.com\\\/inkoopvoorwaarden\\\/\",\"url\":\"https:\\\/\\\/pioncableprotection.com\\\/inkoopvoorwaarden\\\/\",\"name\":\"Inkoopvoorwaarden | PION Cable Protection\",\"isPartOf\":{\"@id\":\"https:\\\/\\\/pioncableprotection.com\\\/#website\"},\"datePublished\":\"2025-12-03T13:06:33+00:00\",\"dateModified\":\"2026-01-16T11:12:29+00:00\",\"description\":\"Bekijk hier de inkoopvoorwaarden van PION Cable Protection.\",\"breadcrumb\":{\"@id\":\"https:\\\/\\\/pioncableprotection.com\\\/inkoopvoorwaarden\\\/#breadcrumb\"},\"inLanguage\":\"fr-FR\",\"potentialAction\":[{\"@type\":\"ReadAction\",\"target\":[\"https:\\\/\\\/pioncableprotection.com\\\/inkoopvoorwaarden\\\/\"]}]},{\"@type\":\"BreadcrumbList\",\"@id\":\"https:\\\/\\\/pioncableprotection.com\\\/inkoopvoorwaarden\\\/#breadcrumb\",\"itemListElement\":[{\"@type\":\"ListItem\",\"position\":1,\"name\":\"Home\",\"item\":\"https:\\\/\\\/pioncableprotection.com\\\/\"},{\"@type\":\"ListItem\",\"position\":2,\"name\":\"12b. Inkoopvoorwaarden\"}]},{\"@type\":\"WebSite\",\"@id\":\"https:\\\/\\\/pioncableprotection.com\\\/#website\",\"url\":\"https:\\\/\\\/pioncableprotection.com\\\/\",\"name\":\"Kabelbescherming voor infra: flexibel \u00e9n innovatief\",\"description\":\"We cover it all\",\"publisher\":{\"@id\":\"https:\\\/\\\/pioncableprotection.com\\\/#organization\"},\"potentialAction\":[{\"@type\":\"SearchAction\",\"target\":{\"@type\":\"EntryPoint\",\"urlTemplate\":\"https:\\\/\\\/pioncableprotection.com\\\/?s={search_term_string}\"},\"query-input\":{\"@type\":\"PropertyValueSpecification\",\"valueRequired\":true,\"valueName\":\"search_term_string\"}}],\"inLanguage\":\"fr-FR\"},{\"@type\":\"Organization\",\"@id\":\"https:\\\/\\\/pioncableprotection.com\\\/#organization\",\"name\":\"PION Cable Protection\",\"url\":\"https:\\\/\\\/pioncableprotection.com\\\/\",\"logo\":{\"@type\":\"ImageObject\",\"inLanguage\":\"fr-FR\",\"@id\":\"https:\\\/\\\/pioncableprotection.com\\\/#\\\/schema\\\/logo\\\/image\\\/\",\"url\":\"https:\\\/\\\/pioncableprotection.com\\\/wp-content\\\/uploads\\\/2025\\\/01\\\/Logo-Pion-color.svg\",\"contentUrl\":\"https:\\\/\\\/pioncableprotection.com\\\/wp-content\\\/uploads\\\/2025\\\/01\\\/Logo-Pion-color.svg\",\"width\":818,\"height\":300,\"caption\":\"PION Cable Protection\"},\"image\":{\"@id\":\"https:\\\/\\\/pioncableprotection.com\\\/#\\\/schema\\\/logo\\\/image\\\/\"},\"sameAs\":[\"https:\\\/\\\/www.linkedin.com\\\/company\\\/pion-kunststoffen-bv\\\/\",\"https:\\\/\\\/www.youtube.com\\\/channel\\\/UC_aDHj4d6NYp2ZyvLyyEIiQ\"]}]}<\/script>\n<!-- \/ Yoast SEO plugin. -->","yoast_head_json":{"title":"Conditions d'achat | PION Cable Protection","description":"Consultez les conditions d'achat de PION Cable Protection ici.","robots":{"index":"index","follow":"follow","max-snippet":"max-snippet:-1","max-image-preview":"max-image-preview:large","max-video-preview":"max-video-preview:-1"},"canonical":"https:\/\/pioncableprotection.com\/fr\/conditions-dachat\/","og_locale":"fr_FR","og_type":"article","og_title":"Inkoopvoorwaarden | PION Cable Protection","og_description":"Bekijk hier de inkoopvoorwaarden van PION Cable Protection.","og_url":"https:\/\/pioncableprotection.com\/fr\/conditions-dachat\/","og_site_name":"PION Cable Protection","article_modified_time":"2026-01-16T11:12:29+00:00","og_image":[{"width":600,"height":600,"url":"https:\/\/pioncableprotection.com\/wp-content\/uploads\/2025\/12\/1S2A6402-1-1.webp","type":"image\/jpeg"}],"twitter_card":"summary_large_image","twitter_misc":{"Dur\u00e9e de lecture estim\u00e9e":"10 minutes"},"schema":{"@context":"https:\/\/schema.org","@graph":[{"@type":"WebPage","@id":"https:\/\/pioncableprotection.com\/inkoopvoorwaarden\/","url":"https:\/\/pioncableprotection.com\/inkoopvoorwaarden\/","name":"Conditions d'achat | PION Cable Protection","isPartOf":{"@id":"https:\/\/pioncableprotection.com\/#website"},"datePublished":"2025-12-03T13:06:33+00:00","dateModified":"2026-01-16T11:12:29+00:00","description":"Consultez les conditions d'achat de PION Cable Protection ici.","breadcrumb":{"@id":"https:\/\/pioncableprotection.com\/inkoopvoorwaarden\/#breadcrumb"},"inLanguage":"fr-FR","potentialAction":[{"@type":"ReadAction","target":["https:\/\/pioncableprotection.com\/inkoopvoorwaarden\/"]}]},{"@type":"BreadcrumbList","@id":"https:\/\/pioncableprotection.com\/inkoopvoorwaarden\/#breadcrumb","itemListElement":[{"@type":"ListItem","position":1,"name":"Home","item":"https:\/\/pioncableprotection.com\/"},{"@type":"ListItem","position":2,"name":"12b. Inkoopvoorwaarden"}]},{"@type":"WebSite","@id":"https:\/\/pioncableprotection.com\/#website","url":"https:\/\/pioncableprotection.com\/","name":"Protection des c\u00e2bles pour l\u2019infrastructure : flexible et innovante","description":"Nous couvrons tout","publisher":{"@id":"https:\/\/pioncableprotection.com\/#organization"},"potentialAction":[{"@type":"SearchAction","target":{"@type":"EntryPoint","urlTemplate":"https:\/\/pioncableprotection.com\/?s={search_term_string}"},"query-input":{"@type":"PropertyValueSpecification","valueRequired":true,"valueName":"search_term_string"}}],"inLanguage":"fr-FR"},{"@type":"Organization","@id":"https:\/\/pioncableprotection.com\/#organization","name":"Protection des c\u00e2bles PION","url":"https:\/\/pioncableprotection.com\/","logo":{"@type":"ImageObject","inLanguage":"fr-FR","@id":"https:\/\/pioncableprotection.com\/#\/schema\/logo\/image\/","url":"https:\/\/pioncableprotection.com\/wp-content\/uploads\/2025\/01\/Logo-Pion-color.svg","contentUrl":"https:\/\/pioncableprotection.com\/wp-content\/uploads\/2025\/01\/Logo-Pion-color.svg","width":818,"height":300,"caption":"PION Cable Protection"},"image":{"@id":"https:\/\/pioncableprotection.com\/#\/schema\/logo\/image\/"},"sameAs":["https:\/\/www.linkedin.com\/company\/pion-kunststoffen-bv\/","https:\/\/www.youtube.com\/channel\/UC_aDHj4d6NYp2ZyvLyyEIiQ"]}]}},"_links":{"self":[{"href":"https:\/\/pioncableprotection.com\/fr\/wp-json\/wp\/v2\/pages\/463","targetHints":{"allow":["GET"]}}],"collection":[{"href":"https:\/\/pioncableprotection.com\/fr\/wp-json\/wp\/v2\/pages"}],"about":[{"href":"https:\/\/pioncableprotection.com\/fr\/wp-json\/wp\/v2\/types\/page"}],"author":[{"embeddable":true,"href":"https:\/\/pioncableprotection.com\/fr\/wp-json\/wp\/v2\/users\/1"}],"replies":[{"embeddable":true,"href":"https:\/\/pioncableprotection.com\/fr\/wp-json\/wp\/v2\/comments?post=463"}],"version-history":[{"count":0,"href":"https:\/\/pioncableprotection.com\/fr\/wp-json\/wp\/v2\/pages\/463\/revisions"}],"wp:attachment":[{"href":"https:\/\/pioncableprotection.com\/fr\/wp-json\/wp\/v2\/media?parent=463"}],"curies":[{"name":"wp","href":"https:\/\/api.w.org\/{rel}","templated":true}]}}