{"id":475,"date":"2025-12-03T13:15:34","date_gmt":"2025-12-03T13:15:34","guid":{"rendered":"https:\/\/nice-hoover.45-82-188-157.plesk.page\/inkoopvoorwaarden-2\/"},"modified":"2026-01-16T11:13:57","modified_gmt":"2026-01-16T11:13:57","slug":"politique-de-confidentialite","status":"publish","type":"page","link":"https:\/\/pioncableprotection.com\/fr\/privacybeleid\/","title":{"rendered":"12c. Politique de protection de la vie priv\u00e9e"},"content":{"rendered":"<div data-elementor-type=\"wp-page\" data-elementor-id=\"475\" class=\"elementor elementor-475\" data-elementor-post-type=\"page\">\n\t\t\t\t<div class=\"elementor-element elementor-element-582b40c e-flex e-con-boxed e-con e-parent\" data-id=\"582b40c\" data-element_type=\"container\" data-e-type=\"container\">\n\t\t\t\t\t<div class=\"e-con-inner\">\n\t\t<div class=\"elementor-element elementor-element-bbe4381 e-con-full e-flex e-con e-child\" data-id=\"bbe4381\" data-element_type=\"container\" data-e-type=\"container\">\n\t\t\t\t<div class=\"elementor-element elementor-element-aac67bf elementor-invisible elementor-widget elementor-widget-heading\" data-id=\"aac67bf\" data-element_type=\"widget\" data-e-type=\"widget\" data-settings=\"{&quot;_animation&quot;:&quot;fadeInUp&quot;}\" data-widget_type=\"heading.default\">\n\t\t\t\t\t<h1 class=\"elementor-heading-title elementor-size-default\">Clause de non-responsabilit\u00e9, politique en mati\u00e8re de confidentialit\u00e9 et de cookies<\/h1>\t\t\t\t<\/div>\n\t\t<div class=\"elementor-element elementor-element-aa7e197 e-con-full e-flex e-con e-child\" data-id=\"aa7e197\" data-element_type=\"container\" data-e-type=\"container\">\n\t\t\t\t<div class=\"elementor-element elementor-element-8969bb1 elementor-invisible elementor-widget elementor-widget-text-editor\" data-id=\"8969bb1\" data-element_type=\"widget\" data-e-type=\"widget\" data-settings=\"{&quot;_animation&quot;:&quot;fadeIn&quot;,&quot;_animation_delay&quot;:500}\" data-widget_type=\"text-editor.default\">\n\t\t\t\t\t\t\t\t\t<p><strong>G\u00e9n\u00e9ral<\/strong><br \/>PION Kunststoffen B.V., qui op\u00e8re sur le march\u00e9 sous le nom de PION Cable Protection, ci-apr\u00e8s d\u00e9nomm\u00e9 PION, vous donne par la pr\u00e9sente acc\u00e8s au site pioncableprotection.com (le site Internet).<\/p><p>Cette page contient la clause de non-responsabilit\u00e9 de pioncableprotection.com, mise \u00e0 disposition par PION. Dans cette clause de non-responsabilit\u00e9, nous indiquons les conditions dans lesquelles nous fournissons les informations sur notre site Web.<\/p><p><strong>Propri\u00e9t\u00e9 intellectuelle<\/strong><br \/>L'utilisation des informations contenues dans ce site est gratuite \u00e0 condition que ces informations ne soient pas copi\u00e9es, distribu\u00e9es ou utilis\u00e9es d'une autre mani\u00e8re ou \u00e0 mauvais escient. Les informations contenues dans ce site ne peuvent \u00eatre r\u00e9utilis\u00e9es qu'en conformit\u00e9 avec les dispositions du droit imp\u00e9ratif. La r\u00e9utilisation de textes, de photographies ou d'autres \u00e9l\u00e9ments de ce site n'est pas autoris\u00e9e sans l'accord \u00e9crit expr\u00e8s de PION. La propri\u00e9t\u00e9 intellectuelle appartient \u00e0 PION.<\/p><p><strong>Aucune garantie d'exactitude<\/strong><br \/>Nous nous effor\u00e7ons de refl\u00e9ter le plus fid\u00e8lement possible la r\u00e9alit\u00e9 et le contexte dans lequel les informations sont publi\u00e9es sur notre site Internet. Les erreurs survenant \u00e0 cet \u00e9gard et reconnaissables comme des erreurs de programmation ou de frappe ne constituent jamais une raison de revendiquer ou de supposer un contrat ou un accord avec PION.<br \/>PION s'efforce de maintenir son site Internet le plus \u00e0 jour possible. Si, malgr\u00e9 ces efforts, les informations ou le contenu de ce site sont incomplets et\/ou incorrects, nous d\u00e9clinons toute responsabilit\u00e9.<\/p><p>Les informations figurant sur ce site web sont fournies sans aucune garantie ni revendication d'exactitude. Nous nous r\u00e9servons le droit de modifier, de supprimer ou de r\u00e9afficher ces informations sans pr\u00e9avis. PION d\u00e9cline toute responsabilit\u00e9 quant aux informations contenues dans les sites Web auxquels nous renvoyons par des liens hypertextes.<\/p><p><strong>Changements<\/strong><br \/>En cas de modification de cette clause de non-responsabilit\u00e9, vous trouverez la version la plus r\u00e9cente de la clause de non-responsabilit\u00e9 de pioncableprotection.com sur cette page.<\/p><p><strong>Politique de confidentialit\u00e9 et politique en mati\u00e8re de cookies PION Kunststoffen B.V.<\/strong><br \/>PION Plastics estime que la protection des donn\u00e9es personnelles est d'une grande importance pour ses activit\u00e9s et les v\u00f4tres. Nous souhaitons fournir des informations claires et transparentes sur la mani\u00e8re dont nous traitons les donn\u00e9es personnelles des visiteurs de notre site web et de nos clients.<\/p><p>Nous respectons les exigences de la loi sur la protection des donn\u00e9es lors du traitement. Cela signifie, entre autres, que nous :<br \/>- Indiquer clairement, dans notre d\u00e9claration de confidentialit\u00e9, les raisons pour lesquelles nous traitons les donn\u00e9es \u00e0 caract\u00e8re personnel ;<br \/>- Nous limiter \u00e0 la collecte des donn\u00e9es personnelles n\u00e9cessaires \u00e0 des fins l\u00e9gitimes ;<br \/>- vous demander d'abord votre consentement explicite pour traiter vos donn\u00e9es \u00e0 caract\u00e8re personnel dans les cas o\u00f9 votre consentement est requis ;<br \/>- Prendre des mesures de s\u00e9curit\u00e9 appropri\u00e9es pour prot\u00e9ger vos donn\u00e9es personnelles ;<br \/>- Respecter votre droit d'offrir vos donn\u00e9es personnelles pour inspection, correction ou suppression sur demande.<br \/>- Dans cette d\u00e9claration de confidentialit\u00e9, nous expliquons quelles donn\u00e9es \u00e0 caract\u00e8re personnel nous collectons et utilisons et \u00e0 quelles fins.<\/p><p><strong>Utilisation des donn\u00e9es personnelles<\/strong><br \/>Lorsque vous utilisez notre site web, vous pouvez laisser les donn\u00e9es personnelles suivantes :<br \/>- Nom de l'entreprise ;<br \/>- Vos nom et pr\u00e9nom ;<br \/>- Votre adresse \u00e9lectronique ;<br \/>- Votre num\u00e9ro de t\u00e9l\u00e9phone ;<\/p><p><strong>Finalit\u00e9s du traitement<\/strong><br \/>Nous traitons vos donn\u00e9es personnelles aux fins suivantes :<br \/>- Fournir l'acc\u00e8s au site web pioncableprotection.com ;<br \/>- Utiliser les fonctionnalit\u00e9s de notre site web ;<br \/>- vous appeler ou vous envoyer un courrier \u00e9lectronique si cela s'av\u00e8re n\u00e9cessaire pour la mise en \u0153uvre de nos services ;<br \/>- vous informer des modifications apport\u00e9es \u00e0 nos services et produits<br \/>- Pour vous fournir des biens et des services<br \/>- mener des activit\u00e9s de marketing dans le cadre de nos services, comme l'envoi d'une lettre d'information ;<br \/>- Analyser les statistiques et optimiser le site web ;<br \/>- PION ne conservera pas vos donn\u00e9es plus longtemps que n\u00e9cessaire pour atteindre les objectifs \u00e9nonc\u00e9s dans cette d\u00e9claration de confidentialit\u00e9. - PION traite \u00e9galement des donn\u00e9es \u00e0 caract\u00e8re personnel si la loi l'y oblige, par exemple les donn\u00e9es n\u00e9cessaires \u00e0 notre d\u00e9claration d'imp\u00f4ts.<br \/>- PION ne conservera pas vos donn\u00e9es personnelles plus longtemps que ce qui est strictement n\u00e9cessaire pour atteindre les objectifs pour lesquels vos donn\u00e9es ont \u00e9t\u00e9 collect\u00e9es.<\/p><p><strong>Donn\u00e9es personnelles particuli\u00e8res et\/ou sensibles<\/strong><br \/>Notre site web n'a pas l'intention de collecter des donn\u00e9es sur les visiteurs du site web \u00e2g\u00e9s de moins de 16 ans. Toutefois, nous ne pouvons pas v\u00e9rifier si un visiteur a plus de 16 ans. Nous conseillons donc aux parents de s'impliquer dans les activit\u00e9s en ligne de leurs enfants afin d'\u00e9viter de collecter des donn\u00e9es sur les enfants sans le consentement des parents. Si vous \u00eates convaincu que nous avons collect\u00e9 des donn\u00e9es personnelles sur un mineur sans ce consentement, veuillez nous contacter \u00e0 l'adresse info@pioncableprotection.com et nous supprimerons ces informations.<\/p><p><strong>Formulaire de contact<\/strong><br \/>Si vous remplissez un formulaire de contact sur le site web ou si vous nous envoyez un e-mail, nous n'utiliserons vos donn\u00e9es que pour vous contacter et traiter votre demande ou votre plainte.<\/p><p><strong>S\u00e9curit\u00e9<\/strong><br \/>Nous prenons des mesures de s\u00e9curit\u00e9 appropri\u00e9es pour limiter l'utilisation abusive et l'acc\u00e8s non autoris\u00e9 \u00e0 vos donn\u00e9es \u00e0 caract\u00e8re personnel. Par exemple, nous veillons \u00e0 ce que seules les personnes n\u00e9cessaires aient acc\u00e8s \u00e0 vos donn\u00e9es, \u00e0 ce que l'acc\u00e8s aux donn\u00e9es soit prot\u00e9g\u00e9 et \u00e0 ce que nos mesures de s\u00e9curit\u00e9 soient r\u00e9guli\u00e8rement v\u00e9rifi\u00e9es. Si vous estimez que vos donn\u00e9es ne sont pas correctement s\u00e9curis\u00e9es ou qu'il existe des indices d'utilisation abusive, veuillez nous contacter \u00e0 l'adresse info@pioncableprotection.com.<\/p><p><strong>Sites web de tiers<\/strong><br \/>La pr\u00e9sente d\u00e9claration de confidentialit\u00e9 ne s'applique pas aux sites web de tiers reli\u00e9s \u00e0 ce site par des liens. Nous ne pouvons pas garantir que ces tiers traiteront vos donn\u00e9es personnelles de mani\u00e8re fiable ou s\u00e9curis\u00e9e. Nous vous encourageons \u00e0 lire les d\u00e9clarations de confidentialit\u00e9 de ces sites web avant de les utiliser.<\/p><p><strong>Modifications de la pr\u00e9sente d\u00e9claration relative \u00e0 la protection de la vie priv\u00e9e et aux cookies<\/strong><br \/>Nous nous r\u00e9servons le droit de modifier la pr\u00e9sente d\u00e9claration de confidentialit\u00e9. Il est recommand\u00e9 de consulter r\u00e9guli\u00e8rement la pr\u00e9sente d\u00e9claration de confidentialit\u00e9 afin de prendre connaissance de ces modifications.<\/p><p><strong>Autorit\u00e9 des donn\u00e9es personnelles<\/strong><br \/>Bien entendu, nous nous tenons \u00e0 votre disposition pour toute r\u00e9clamation concernant le traitement de vos donn\u00e9es personnelles. Vous pouvez nous contacter via notre formulaire de contact ou \u00e0 l'adresse info@pioncableprotection.com. Si vous n'\u00eates pas satisfait de la mani\u00e8re dont nous traitons votre plainte, vous avez le droit de d\u00e9poser une plainte aupr\u00e8s de l'Autorit\u00e9 des donn\u00e9es personnelles. Vous pouvez contacter l'Autorit\u00e9 des donn\u00e9es personnelles \u00e0 cette fin.<\/p><p><strong>Acc\u00e9der \u00e0 vos donn\u00e9es et les modifier<\/strong><br \/>Pour toute question concernant notre politique de confidentialit\u00e9 ou pour toute demande d'acc\u00e8s et de modification (ou de suppression) de vos donn\u00e9es personnelles, vous pouvez toujours nous contacter en utilisant les coordonn\u00e9es ci-dessous.<\/p><p><strong>PION Kunststoffen B.V.<\/strong><br \/>Anneau de la ville 147<br \/>3817 BA Amersfoort<br \/>T : +31 (0) 33 2538630<br \/>M : info@pioncableprotection.com<br \/>Chambre de commerce \/ COC : 32098281<br \/>VAT \/ VAT : NL8124.31.935.B01<\/p>\t\t\t\t\t\t\t\t<\/div>\n\t\t\t\t<\/div>\n\t\t\t\t<\/div>\n\t\t\t\t\t<\/div>\n\t\t\t\t<\/div>\n\t\t\t\t<\/div>","protected":false},"excerpt":{"rendered":"<p>Disclaimer, privacy- en cookiebeleid AlgemeenPION Kunststoffen B.V. in de markt opererend onder de naam PION Cable Protection, hierna te noemen PION, verleent u hierbij toegang tot pioncableprotection.com (de website). Op deze pagina staat de disclaimer van pioncableprotection.com, zoals deze beschikbaar is gesteld door PION. In deze disclaimer geven wij aan onder welk voorbehoud wij de [&hellip;]<\/p>\n","protected":false},"author":1,"featured_media":0,"parent":0,"menu_order":10,"comment_status":"closed","ping_status":"closed","template":"","meta":{"_acf_changed":false,"footnotes":""},"class_list":["post-475","page","type-page","status-publish","hentry"],"acf":[],"yoast_head":"<!-- This site is optimized with the Yoast SEO plugin v27.3 - https:\/\/yoast.com\/product\/yoast-seo-wordpress\/ -->\n<title>12c. Privacybeleid - PION Cable Protection<\/title>\n<meta name=\"robots\" content=\"index, follow, max-snippet:-1, max-image-preview:large, max-video-preview:-1\" \/>\n<link rel=\"canonical\" href=\"https:\/\/pioncableprotection.com\/fr\/politique-de-confidentialite\/\" \/>\n<meta property=\"og:locale\" content=\"fr_FR\" \/>\n<meta property=\"og:type\" content=\"article\" \/>\n<meta property=\"og:title\" content=\"12c. Privacybeleid - PION Cable Protection\" \/>\n<meta property=\"og:description\" content=\"Disclaimer, privacy- en cookiebeleid AlgemeenPION Kunststoffen B.V. in de markt opererend onder de naam PION Cable Protection, hierna te noemen PION, verleent u hierbij toegang tot pioncableprotection.com (de website). Op deze pagina staat de disclaimer van pioncableprotection.com, zoals deze beschikbaar is gesteld door PION. In deze disclaimer geven wij aan onder welk voorbehoud wij de [&hellip;]\" \/>\n<meta property=\"og:url\" content=\"https:\/\/pioncableprotection.com\/fr\/politique-de-confidentialite\/\" \/>\n<meta property=\"og:site_name\" content=\"PION Cable Protection\" \/>\n<meta property=\"article:modified_time\" content=\"2026-01-16T11:13:57+00:00\" \/>\n<meta property=\"og:image\" content=\"https:\/\/pioncableprotection.com\/wp-content\/uploads\/2025\/12\/1S2A6402-1-1.webp\" \/>\n\t<meta property=\"og:image:width\" content=\"600\" \/>\n\t<meta property=\"og:image:height\" content=\"600\" \/>\n\t<meta property=\"og:image:type\" content=\"image\/jpeg\" \/>\n<meta name=\"twitter:card\" content=\"summary_large_image\" \/>\n<meta name=\"twitter:label1\" content=\"Dur\u00e9e de lecture estim\u00e9e\" \/>\n\t<meta name=\"twitter:data1\" content=\"6 minutes\" \/>\n<script type=\"application\/ld+json\" class=\"yoast-schema-graph\">{\"@context\":\"https:\\\/\\\/schema.org\",\"@graph\":[{\"@type\":\"WebPage\",\"@id\":\"https:\\\/\\\/pioncableprotection.com\\\/privacybeleid\\\/\",\"url\":\"https:\\\/\\\/pioncableprotection.com\\\/privacybeleid\\\/\",\"name\":\"12c. Privacybeleid - PION Cable Protection\",\"isPartOf\":{\"@id\":\"https:\\\/\\\/pioncableprotection.com\\\/#website\"},\"datePublished\":\"2025-12-03T13:15:34+00:00\",\"dateModified\":\"2026-01-16T11:13:57+00:00\",\"breadcrumb\":{\"@id\":\"https:\\\/\\\/pioncableprotection.com\\\/privacybeleid\\\/#breadcrumb\"},\"inLanguage\":\"fr-FR\",\"potentialAction\":[{\"@type\":\"ReadAction\",\"target\":[\"https:\\\/\\\/pioncableprotection.com\\\/privacybeleid\\\/\"]}]},{\"@type\":\"BreadcrumbList\",\"@id\":\"https:\\\/\\\/pioncableprotection.com\\\/privacybeleid\\\/#breadcrumb\",\"itemListElement\":[{\"@type\":\"ListItem\",\"position\":1,\"name\":\"Home\",\"item\":\"https:\\\/\\\/pioncableprotection.com\\\/\"},{\"@type\":\"ListItem\",\"position\":2,\"name\":\"12c. Privacybeleid\"}]},{\"@type\":\"WebSite\",\"@id\":\"https:\\\/\\\/pioncableprotection.com\\\/#website\",\"url\":\"https:\\\/\\\/pioncableprotection.com\\\/\",\"name\":\"Kabelbescherming voor infra: flexibel \u00e9n innovatief\",\"description\":\"We cover it all\",\"publisher\":{\"@id\":\"https:\\\/\\\/pioncableprotection.com\\\/#organization\"},\"potentialAction\":[{\"@type\":\"SearchAction\",\"target\":{\"@type\":\"EntryPoint\",\"urlTemplate\":\"https:\\\/\\\/pioncableprotection.com\\\/?s={search_term_string}\"},\"query-input\":{\"@type\":\"PropertyValueSpecification\",\"valueRequired\":true,\"valueName\":\"search_term_string\"}}],\"inLanguage\":\"fr-FR\"},{\"@type\":\"Organization\",\"@id\":\"https:\\\/\\\/pioncableprotection.com\\\/#organization\",\"name\":\"PION Cable Protection\",\"url\":\"https:\\\/\\\/pioncableprotection.com\\\/\",\"logo\":{\"@type\":\"ImageObject\",\"inLanguage\":\"fr-FR\",\"@id\":\"https:\\\/\\\/pioncableprotection.com\\\/#\\\/schema\\\/logo\\\/image\\\/\",\"url\":\"https:\\\/\\\/pioncableprotection.com\\\/wp-content\\\/uploads\\\/2025\\\/01\\\/Logo-Pion-color.svg\",\"contentUrl\":\"https:\\\/\\\/pioncableprotection.com\\\/wp-content\\\/uploads\\\/2025\\\/01\\\/Logo-Pion-color.svg\",\"width\":818,\"height\":300,\"caption\":\"PION Cable Protection\"},\"image\":{\"@id\":\"https:\\\/\\\/pioncableprotection.com\\\/#\\\/schema\\\/logo\\\/image\\\/\"},\"sameAs\":[\"https:\\\/\\\/www.linkedin.com\\\/company\\\/pion-kunststoffen-bv\\\/\",\"https:\\\/\\\/www.youtube.com\\\/channel\\\/UC_aDHj4d6NYp2ZyvLyyEIiQ\"]}]}<\/script>\n<!-- \/ Yoast SEO plugin. -->","yoast_head_json":{"title":"12c. Politique de confidentialit\u00e9 - PION Cable Protection","robots":{"index":"index","follow":"follow","max-snippet":"max-snippet:-1","max-image-preview":"max-image-preview:large","max-video-preview":"max-video-preview:-1"},"canonical":"https:\/\/pioncableprotection.com\/fr\/politique-de-confidentialite\/","og_locale":"fr_FR","og_type":"article","og_title":"12c. Privacybeleid - PION Cable Protection","og_description":"Disclaimer, privacy- en cookiebeleid AlgemeenPION Kunststoffen B.V. in de markt opererend onder de naam PION Cable Protection, hierna te noemen PION, verleent u hierbij toegang tot pioncableprotection.com (de website). Op deze pagina staat de disclaimer van pioncableprotection.com, zoals deze beschikbaar is gesteld door PION. In deze disclaimer geven wij aan onder welk voorbehoud wij de [&hellip;]","og_url":"https:\/\/pioncableprotection.com\/fr\/politique-de-confidentialite\/","og_site_name":"PION Cable Protection","article_modified_time":"2026-01-16T11:13:57+00:00","og_image":[{"width":600,"height":600,"url":"https:\/\/pioncableprotection.com\/wp-content\/uploads\/2025\/12\/1S2A6402-1-1.webp","type":"image\/jpeg"}],"twitter_card":"summary_large_image","twitter_misc":{"Dur\u00e9e de lecture estim\u00e9e":"6 minutes"},"schema":{"@context":"https:\/\/schema.org","@graph":[{"@type":"WebPage","@id":"https:\/\/pioncableprotection.com\/privacybeleid\/","url":"https:\/\/pioncableprotection.com\/privacybeleid\/","name":"12c. Politique de confidentialit\u00e9 - PION Cable Protection","isPartOf":{"@id":"https:\/\/pioncableprotection.com\/#website"},"datePublished":"2025-12-03T13:15:34+00:00","dateModified":"2026-01-16T11:13:57+00:00","breadcrumb":{"@id":"https:\/\/pioncableprotection.com\/privacybeleid\/#breadcrumb"},"inLanguage":"fr-FR","potentialAction":[{"@type":"ReadAction","target":["https:\/\/pioncableprotection.com\/privacybeleid\/"]}]},{"@type":"BreadcrumbList","@id":"https:\/\/pioncableprotection.com\/privacybeleid\/#breadcrumb","itemListElement":[{"@type":"ListItem","position":1,"name":"Home","item":"https:\/\/pioncableprotection.com\/"},{"@type":"ListItem","position":2,"name":"12c. Privacybeleid"}]},{"@type":"WebSite","@id":"https:\/\/pioncableprotection.com\/#website","url":"https:\/\/pioncableprotection.com\/","name":"Protection des c\u00e2bles pour l\u2019infrastructure : flexible et innovante","description":"Nous couvrons tout","publisher":{"@id":"https:\/\/pioncableprotection.com\/#organization"},"potentialAction":[{"@type":"SearchAction","target":{"@type":"EntryPoint","urlTemplate":"https:\/\/pioncableprotection.com\/?s={search_term_string}"},"query-input":{"@type":"PropertyValueSpecification","valueRequired":true,"valueName":"search_term_string"}}],"inLanguage":"fr-FR"},{"@type":"Organization","@id":"https:\/\/pioncableprotection.com\/#organization","name":"Protection des c\u00e2bles PION","url":"https:\/\/pioncableprotection.com\/","logo":{"@type":"ImageObject","inLanguage":"fr-FR","@id":"https:\/\/pioncableprotection.com\/#\/schema\/logo\/image\/","url":"https:\/\/pioncableprotection.com\/wp-content\/uploads\/2025\/01\/Logo-Pion-color.svg","contentUrl":"https:\/\/pioncableprotection.com\/wp-content\/uploads\/2025\/01\/Logo-Pion-color.svg","width":818,"height":300,"caption":"PION Cable Protection"},"image":{"@id":"https:\/\/pioncableprotection.com\/#\/schema\/logo\/image\/"},"sameAs":["https:\/\/www.linkedin.com\/company\/pion-kunststoffen-bv\/","https:\/\/www.youtube.com\/channel\/UC_aDHj4d6NYp2ZyvLyyEIiQ"]}]}},"_links":{"self":[{"href":"https:\/\/pioncableprotection.com\/fr\/wp-json\/wp\/v2\/pages\/475","targetHints":{"allow":["GET"]}}],"collection":[{"href":"https:\/\/pioncableprotection.com\/fr\/wp-json\/wp\/v2\/pages"}],"about":[{"href":"https:\/\/pioncableprotection.com\/fr\/wp-json\/wp\/v2\/types\/page"}],"author":[{"embeddable":true,"href":"https:\/\/pioncableprotection.com\/fr\/wp-json\/wp\/v2\/users\/1"}],"replies":[{"embeddable":true,"href":"https:\/\/pioncableprotection.com\/fr\/wp-json\/wp\/v2\/comments?post=475"}],"version-history":[{"count":0,"href":"https:\/\/pioncableprotection.com\/fr\/wp-json\/wp\/v2\/pages\/475\/revisions"}],"wp:attachment":[{"href":"https:\/\/pioncableprotection.com\/fr\/wp-json\/wp\/v2\/media?parent=475"}],"curies":[{"name":"wp","href":"https:\/\/api.w.org\/{rel}","templated":true}]}}